{"id":23069,"date":"2021-06-01T09:00:36","date_gmt":"2021-06-01T07:00:36","guid":{"rendered":"https:\/\/www.uino.gov.ba\/?page_id=23069"},"modified":"2025-07-22T09:13:56","modified_gmt":"2025-07-22T07:13:56","slug":"lista-duznika","status":"publish","type":"page","link":"https:\/\/www.uino.gov.ba\/portal\/bs\/lista-duznika\/","title":{"rendered":"Lista du\u017enika"},"content":{"rendered":"<p>[et_pb_section fb_built=&#8221;1&#8243; _builder_version=&#8221;4.16&#8243; _module_preset=&#8221;default&#8221; da_disable_devices=&#8221;off|off|off&#8221; global_colors_info=&#8221;{}&#8221; da_is_popup=&#8221;off&#8221; da_exit_intent=&#8221;off&#8221; da_has_close=&#8221;on&#8221; da_alt_close=&#8221;off&#8221; da_dark_close=&#8221;off&#8221; da_not_modal=&#8221;on&#8221; da_is_singular=&#8221;off&#8221; da_with_loader=&#8221;off&#8221; da_has_shadow=&#8221;on&#8221;][et_pb_row _builder_version=&#8221;4.17.4&#8243; _module_preset=&#8221;default&#8221; width=&#8221;90%&#8221; max_width=&#8221;1198px&#8221; custom_padding=&#8221;||0px||false|false&#8221; global_colors_info=&#8221;{}&#8221;][et_pb_column type=&#8221;4_4&#8243; _builder_version=&#8221;4.16&#8243; _module_preset=&#8221;default&#8221; global_colors_info=&#8221;{}&#8221;][et_pb_post_title meta=&#8221;off&#8221; featured_image=&#8221;off&#8221; _builder_version=&#8221;4.17.4&#8243; _module_preset=&#8221;default&#8221; global_colors_info=&#8221;{}&#8221;][\/et_pb_post_title][et_pb_text admin_label=&#8221;Lista du\u017enika&#8221; _builder_version=&#8221;4.27.0&#8243; _module_preset=&#8221;default&#8221; global_colors_info=&#8221;{}&#8221;]<\/p>\n<p style=\"text-align: justify;\">Nakon \u0161to je 01.01.2014. godine stupio na snagu Zakon o izmjenama i dopunama Zakona o postupku indirektnog oporezivanja, po prvi od uspostave Uprave za indirektno oporezivanje BiH, stekli su se zakonski uvjeti za javno objavljivanje imena du\u017enika, koji imaju neizmirene obaveze po osnovu PDV-a, akcize i carine.<\/p>\n<p style=\"text-align: justify;\">Pored javne objave du\u017enika, u Zakonu o izmjenama i dopunama Zakona o postupku indirektnog oporezivanja, kojeg je na prijedlog UIO i UO UIO usvojila Parlamentarna skup\u0161tina BiH, naknadni teret prinude je smanjen sa 10 na pet posto, a zatezna kamata sa 0,06 na 0,04 posto svakog dana zaka\u0161njenja.<\/p>\n<p style=\"text-align: justify;\">Svi obveznici koji ne \u017eele da se na\u0111u na javno objavljenoj listi du\u017enika i time ugroze svoju poslovnu reputaciju, trebaju da izvr\u0161e uplatu dugovanja po osnovu indirektnih poreza. U dokumentima ispod nalaze se svi du\u017enici \u010diji dug je ve\u0107i od 25.000 KM.<\/p>\n<ul>\n<li><a href=\"https:\/\/www.uino.gov.ba\/portal\/wp-content\/uploads\/96-LISTA-DUZNIKA\/1-LISTA-DUZNIKA\/PDV.pdf\" rel=\"attachment wp-att-43928\">Du\u017enici PDV-a i Akciza<\/a><\/li>\n<li><a href=\"https:\/\/www.uino.gov.ba\/portal\/wp-content\/uploads\/96-LISTA-DUZNIKA\/1-LISTA-DUZNIKA\/CARINA.pdf\" rel=\"attachment wp-att-43927\">Carinski du\u017enici<\/a><\/li>\n<\/ul>\n<p>[\/et_pb_text][et_pb_accordion closed_toggle_background_color=&#8221;#f1f5f7&#8243; icon_color=&#8221;#1a659e&#8221; admin_label=&#8221;Entitetski dug i posebna \u0161ema du\u017enika&#8221; _builder_version=&#8221;4.27.4&#8243; _module_preset=&#8221;default&#8221; toggle_font=&#8221;|600|||||||&#8221; toggle_font_size=&#8221;20px&#8221; hover_enabled=&#8221;0&#8243; custom_css_toggle=&#8221;margin-bottom: 5px;&#8221; border_color_all=&#8221;#e1e5e7&#8243; global_colors_info=&#8221;{}&#8221; sticky_enabled=&#8221;0&#8243;][et_pb_accordion_item title=&#8221;Dugovi nastali kod biv\u0161ih entitetskih carinskih uprava&#8221; open=&#8221;on&#8221; _builder_version=&#8221;4.16&#8243; _module_preset=&#8221;default&#8221; global_colors_info=&#8221;{}&#8221;]<\/p>\n<p style=\"text-align: justify;\">Stari dug se odnosi na dugovanja nastala u vrijeme biv\u0161ih entitetskih carinskih uprava \u2013 Federacije BiH i Republike Srpske, a odnose se na period od 1996. \u2013 2004. godine. Iznos ukupnih dugovanja preuzetih od strane entiteskih uprava iznosio je 142,2 miliona KM. Radi se o dugovanjima koja su utvr\u0111ena rje\u0161enjima u upravnom postupku, kao i rje\u0161enjima u prekr\u0161ajnom postupku kod kojih su propisani kratki rokovi za naplatu pa su samim tim bili zastarili prije formiranja Uprave za indirektno oporezivanje. Pojedina dugovanja su utvr\u0111ivana pravnim licima koja su davno prije formiranja UIO prestala da postoje, odnosno ista su deregistrovana kod nadle\u017enih sudova, dio dugovanja koja se odnose na fizi\u010dka lica nije bilo mogu\u0107e naplatiti, jer je odre\u0111eni broj du\u017enika u me\u0111uvremenu umro ili bio nedostupan.<\/p>\n<p style=\"text-align: justify;\">Iznos od 142,2 miliona KM odnosi se na 5.301 du\u017enika, od \u010dega se 139 miliona KM odnosi na 1.788 pravnih lica a 3,2 miliona KM na 3.513 fizi\u010dkih lica. Iznos od 1,7 miliona KM je napla\u0107en i to 1,5 miliona KM od pravnih lica i 0,2 miliona KM od fizi\u010dkih lica. Za iznos od 62,4 miliona KM progla\u0161ena je zastara, i to 60,7 miliona KM za pravna lica i 1,6 miliona KM za fizi\u010dka lica. Iznos od 25,3 miliona KM je poni\u0161teno od \u010dega 25,2 miliona KM za pravna lica a 0,1 miliona KM za fizi\u010dka lica. Za 2,2 miliona KM postupak je obustavljen i to sve za pravna lica. Ponovni postupak pokrenut je za iznos duga od 19,1 miliona KM. Za dio istog je progla\u0161ena nesolventnost i nenaplativost.<\/p>\n<p style=\"text-align: justify;\">Dio carinskog duga UINO nastao je po zapo\u010detim postupcima u biv\u0161im carinskim upravama Federacije BiH i Republike Srpske, a postao izvr\u0161an u 2005., 2006. i 2007. godini, na \u0161to se odnosi 11,2 miliona KM od ukupnog carinskog duga UIO. Za dio takvog duga po rje\u0161enjima koja su nastala po zapo\u010detim postupcima u biv\u0161im carinskim upravama postupci su vo\u0111eni pred Sudom Bosne i Hercegovine &#8211; Vije\u0107e Upravnog odjeljenja, od strane kojeg su ista poni\u0161tena, pa su donesena nova rje\u0161enja po istom osnovu, ali u vrijeme nakon formiranja Uprave za indirektno oporezivanje. Naplata ovog duga je veoma neizvjesna iz razloga \u0161to du\u017enici vi\u0161e ne posluju, iako su od strane Sektora za poslovne usluge u UIO i organizacionih jedinica za prinudnu naplatu svo vrijeme preduzimane aktivnosti u cilju naplate dugovanja biv\u0161ih carinskih uprava.<\/p>\n<p style=\"text-align: justify;\">Ukupan iznos duga za period 1996. &#8211; 2004. godine na nivou UIO BiH, zaklju\u010dno sa 31.01.2014. godine iznosi 31.877.719,33 KM, \u010dija naplata je vi\u0161e nego neizvjesna jer du\u017enici vi\u0161e ne postoje odnosno ne posluju niti imaju imovine.<\/p>\n<ul>\n<li><a href=\"https:\/\/www.uino.gov.ba\/portal\/wp-content\/uploads\/96-LISTA-DUZNIKA\/2-Entitetski-dug\/Rekapitulacija-duga-bivsih-carinskih-uprava.xls\">Dug entitetskih carinskih uprava<\/a><\/li>\n<\/ul>\n<p>[\/et_pb_accordion_item][et_pb_accordion_item title=&#8221;Posebna \u0161ema du\u017enika&#8221; _builder_version=&#8221;4.27.4&#8243; _module_preset=&#8221;default&#8221; hover_enabled=&#8221;0&#8243; global_colors_info=&#8221;{}&#8221; open=&#8221;off&#8221; sticky_enabled=&#8221;0&#8243;]<\/p>\n<p style=\"text-align: justify;\">Na osnovu \u010dlana 66. Zakona o porezu na dodanu vrijednost (\u201e Slu\u017ebeni glasnik BiH\u201c br. 9\/05, 35\/05 i 100\/08) i \u010dlana 127. Pravilnika o primjeni Zakona o porezu na dodanu vrijednost (\u201eSlu\u017ebeni glasnik BiH\u201c br. 93\/05, 21\/06, 60\/06, 6\/07 i 35\/08) kao i \u010dlana 8. Instrukcije o postupku uvo\u0111enja posebne \u0161eme du\u017enika (\u201e Slu\u017ebeni glasnik BiH\u201c broj 35\/08), UIO je donijela slijede\u0107a rje\u0161enja o posebnoj \u0161emi du\u017enika PDV-a:<\/p>\n<ul>\n<li><a href=\"https:\/\/www.uino.gov.ba\/portal\/wp-content\/uploads\/96-LISTA-DUZNIKA\/3-Posebna-sema-duznika\/25-RAD-PUTEVI-doo-Bihac-29-05-2024.pdf\" rel=\"attachment wp-att-42648\">RAD PUTEVI doo Biha\u0107 (29.05.2024.)<\/a><\/li>\n<li><a href=\"https:\/\/www.uino.gov.ba\/portal\/wp-content\/uploads\/96-LISTA-DUZNIKA\/3-Posebna-sema-duznika\/24-Rudnik-gipsa-ZDD-sl-list-39-23-30-05-2023.pdf\" rel=\"attachment wp-att-34987\">Rudnik gipsa Z.D.D. (&#8220;Slu\u017ebeni glasnik BiH&#8221;, broj 39\/23) (30.05.2023.)<\/a>\n<ul>\n<li><a href=\"https:\/\/www.uino.gov.ba\/portal\/wp-content\/uploads\/96-LISTA-DUZNIKA\/3-Posebna-sema-duznika\/24-1-RUDNICI-GIPSA-dd-Donji-Vakuf-24-05-2024.pdf\" rel=\"attachment wp-att-42531\">Rje\u0161enje o ukidanju posebne \u0161eme RUDNICI GIPSA dd Donji Vakuf (24.05.2024.)<\/a><\/li>\n<\/ul>\n<\/li>\n<li><a href=\"https:\/\/www.uino.gov.ba\/portal\/wp-content\/uploads\/96-LISTA-DUZNIKA\/3-Posebna-sema-duznika\/1-SMARSTVO-SREDNJE-NERETVANSKO-dd-Mostar-15-03-19.pdf\" rel=\"attachment wp-att-23093\">\u0160UMARSTVO SREDNJE NERETVANSKO dd Mostar (15.03.2019.) (&#8220;Slu\u017ebeni glasnik BiH&#8221;, broj 29\/19)<\/a><\/li>\n<li><a href=\"https:\/\/www.uino.gov.ba\/portal\/wp-content\/uploads\/96-LISTA-DUZNIKA\/3-Posebna-sema-duznika\/2-FARMER-MESNA-INDUSTRIJA-doo-Siroki-Brijeg-61-09.pdf\" rel=\"attachment wp-att-23094\">FARMER MESNA INDUSTRIJA doo \u0160iroki Brijeg (&#8220;Slu\u017ebeni glasnik BiH&#8221;, broj 61\/09)<\/a><\/li>\n<li><a href=\"https:\/\/www.uino.gov.ba\/portal\/wp-content\/uploads\/96-LISTA-DUZNIKA\/3-Posebna-sema-duznika\/4-AGROKOMERC-dd-Velika-Kladusa-88-09.pdf\" rel=\"attachment wp-att-23096\">AGROKOMERC dd Velika Kladu\u0161a (&#8220;Slu\u017ebeni glasnik BiH&#8221;, broj 88\/09)<\/a>\n<ul>\n<li><a href=\"https:\/\/www.uino.gov.ba\/portal\/wp-content\/uploads\/96-LISTA-DUZNIKA\/3-Posebna-sema-duznika\/4-1Rjesenje-o-ukidanje-posebne-seme-duznika-Sluzbeni-glasnik-BiH-broj-22-21-13-04-21.pdf\" rel=\"attachment wp-att-23097\">Rje\u0161enje o ukidanje posebne \u0161eme du\u017enika (&#8220;Slu\u017ebeni glasnik BiH&#8221;, broj 22\/21) (13.04.2021.)<\/a><\/li>\n<\/ul>\n<\/li>\n<li><a href=\"https:\/\/www.uino.gov.ba\/portal\/wp-content\/uploads\/96-LISTA-DUZNIKA\/3-Posebna-sema-duznika\/5-KOKAPRODUKT-doo-Gracanica-6-10.pdf\" rel=\"attachment wp-att-23098\">KOKAPRODUKT doo Gra\u010danica (&#8220;Slu\u017ebeni glasnik BiH&#8221;, broj 6\/10)<\/a>\n<ul>\n<li><a href=\"https:\/\/www.uino.gov.ba\/portal\/wp-content\/uploads\/96-LISTA-DUZNIKA\/3-Posebna-sema-duznika\/5-1-KOKAPRODUKT-d.o.o.-Gracanica-Rjesenje-o-ukidanju-posebne-seme-duznika.pdf\" rel=\"attachment wp-att-51657\">KOKAPRODUKT d.o.o. Gra\u010danica &#8211; Rje\u0161enje o ukidanju posebne \u0161eme du\u017enika<\/a><\/li>\n<\/ul>\n<\/li>\n<li><a href=\"https:\/\/www.uino.gov.ba\/portal\/wp-content\/uploads\/96-LISTA-DUZNIKA\/3-Posebna-sema-duznika\/6-KOPLAST-doo-Osjecani-7-10.pdf\" rel=\"attachment wp-att-23099\">KOPLAST doo Osje\u010dani (&#8220;Slu\u017ebeni glasnik BiH&#8221;, broj 7\/10)<\/a>\n<ul>\n<li><a href=\"https:\/\/www.uino.gov.ba\/portal\/wp-content\/uploads\/96-LISTA-DUZNIKA\/3-Posebna-sema-duznika\/6-1-KOPLAST-d.o.o.-Osjecani-Rjesenje-o-ukidanju-posebne-seme-duznika.pdf\" rel=\"attachment wp-att-51661\">KOPLAST d.o.o. Osje\u010dani &#8211; Rje\u0161enje o ukidanju posebne \u0161eme du\u017enika<\/a><\/li>\n<\/ul>\n<\/li>\n<li><a href=\"https:\/\/www.uino.gov.ba\/portal\/wp-content\/uploads\/96-LISTA-DUZNIKA\/3-Posebna-sema-duznika\/7-VEKO-doo-Gracanica-31-10.pdf\" rel=\"attachment wp-att-23100\">VEKO doo Gra\u010danica (&#8220;Slu\u017ebeni glasnik BiH&#8221;, broj 31\/10)<\/a>\n<ul>\n<li><a href=\"https:\/\/www.uino.gov.ba\/portal\/wp-content\/uploads\/96-LISTA-DUZNIKA\/3-Posebna-sema-duznika\/7-1-VEKO-d.o.o.-Gracanica-Rjesenje-o-ukidanju-posebne-seme-duznika.pdf\" rel=\"attachment wp-att-51662\">VEKO d.o.o. Gra\u010danica &#8211; Rje\u0161enje o ukidanju posebne \u0161eme duznika<\/a><\/li>\n<\/ul>\n<\/li>\n<li><a href=\"https:\/\/www.uino.gov.ba\/portal\/wp-content\/uploads\/96-LISTA-DUZNIKA\/3-Posebna-sema-duznika\/9-MIJA-doo-Citluk-43-10.pdf\" rel=\"attachment wp-att-23102\">MIJA d.o.o. \u010citluk (&#8220;Slu\u017ebeni glasnik BiH&#8221;, broj 43\/10)<\/a><\/li>\n<li><a href=\"https:\/\/www.uino.gov.ba\/portal\/wp-content\/uploads\/96-LISTA-DUZNIKA\/3-Posebna-sema-duznika\/10-PINCOM-doo-Mostar-48-10.pdf\" rel=\"attachment wp-att-23074\">PINCOM d.o.o. Mostar (&#8220;Slu\u017ebeni glasnik BiH&#8221;, broj 48\/10)<\/a><\/li>\n<li><a href=\"https:\/\/www.uino.gov.ba\/portal\/wp-content\/uploads\/96-LISTA-DUZNIKA\/3-Posebna-sema-duznika\/11-AUR\u041e-doo-Ljubuski-48-10.pdf\" rel=\"attachment wp-att-23075\">AUR\u041e d.o.o. Ljubu\u0161ki (&#8220;Slu\u017ebeni glasnik BiH&#8221;, broj 48\/10)<\/a>\n<ul>\n<li><a href=\"https:\/\/www.uino.gov.ba\/portal\/wp-content\/uploads\/96-LISTA-DUZNIKA\/3-Posebna-sema-duznika\/11-1-Rijesenje-o-ispravci-AUR\u041e-doo-Ljubuski.pdf\" rel=\"attachment wp-att-23076\">Rije\u0161enje o ispravci AUR\u041e d.o.o. Ljubu\u0161ki<\/a><\/li>\n<\/ul>\n<\/li>\n<li><a href=\"https:\/\/www.uino.gov.ba\/portal\/wp-content\/uploads\/96-LISTA-DUZNIKA\/3-Posebna-sema-duznika\/12-PETROL-dd-Ljubuski-48-10.pdf\" rel=\"attachment wp-att-23077\">PETROL d.d. Ljubu\u0161ki (&#8220;Slu\u017ebeni glasnik BiH&#8221;, broj 48\/10)<\/a>\n<ul>\n<li><a href=\"https:\/\/www.uino.gov.ba\/portal\/wp-content\/uploads\/96-LISTA-DUZNIKA\/3-Posebna-sema-duznika\/12-1-Rjesenje-o-ispravci-Petrol-PETROL-dd-Ljubuski.pdf\" rel=\"attachment wp-att-23078\">Rjesenje o ispravci Petrol PETROL d.d. Ljubu\u0161ki<\/a><\/li>\n<\/ul>\n<\/li>\n<li><a href=\"https:\/\/www.uino.gov.ba\/portal\/wp-content\/uploads\/96-LISTA-DUZNIKA\/3-Posebna-sema-duznika\/13-ANDELIKA-MB-doo-Kalesija-50-10.pdf\" rel=\"attachment wp-att-23079\">AN\u0110ELIKA-MB d.o.o. Kalesija (&#8220;Slu\u017ebeni glasnik BiH&#8221;, broj 50\/10)13 AN\u0110ELIKA-MB doo Kalesija 50-10<\/a>\n<ul>\n<li><a href=\"https:\/\/www.uino.gov.ba\/portal\/wp-content\/uploads\/96-LISTA-DUZNIKA\/3-Posebna-sema-duznika\/13-1-ANDELIKA-MB-d.o.o.-Kalesija-Rjesenje-o-ukidanju-posebne-seme-duznika.pdf\" rel=\"attachment wp-att-51660\">AN\u0110ELIKA-MB d.o.o. Kalesija &#8211; Rje\u0161enje o ukidanju posebne \u0161eme du\u017enika<\/a><\/li>\n<\/ul>\n<\/li>\n<li><a href=\"https:\/\/www.uino.gov.ba\/portal\/wp-content\/uploads\/96-LISTA-DUZNIKA\/3-Posebna-sema-duznika\/14-REDARSTVENIK-doo-Mostar-72-10.pdf\" rel=\"attachment wp-att-23080\">REDARSTVENIK d.o.o. Mostar (&#8220;Slu\u017ebeni glasnik BiH&#8221;, broj 72\/10)<\/a><\/li>\n<li><a href=\"https:\/\/www.uino.gov.ba\/portal\/wp-content\/uploads\/96-LISTA-DUZNIKA\/3-Posebna-sema-duznika\/15-ORION-3-doo-Banja-Luka-76-10.pdf\" rel=\"attachment wp-att-23081\">ORION -3d.o.o. Banja Luka (&#8220;Slu\u017ebeni glasnik BiH&#8221;, broj 76\/10)<\/a><\/li>\n<li><a href=\"https:\/\/www.uino.gov.ba\/portal\/wp-content\/uploads\/96-LISTA-DUZNIKA\/3-Posebna-sema-duznika\/16-RUDARINVEST-doo-Cubric-bb-Banovici-7-11.pdf\" rel=\"attachment wp-att-23082\">RUDARINVEST d.o.o. \u010cubri\u0107 bb Banovi\u0107i (&#8220;Slu\u017ebeni glasnik BiH&#8221;, broj 7\/11)<\/a>\n<ul>\n<li><a href=\"https:\/\/www.uino.gov.ba\/portal\/wp-content\/uploads\/96-LISTA-DUZNIKA\/3-Posebna-sema-duznika\/16-1-RUDARINVEST-d.o.o.-Banovici-Rjesenje-o-ukidanju-posebne-seme-duznika.pdf\" rel=\"attachment wp-att-51658\">RUDARINVEST d.o.o. Banovi\u0107i &#8211; Rje\u0161enje o ukidanju posebne \u0161eme duznika<\/a><\/li>\n<\/ul>\n<\/li>\n<li><a href=\"https:\/\/www.uino.gov.ba\/portal\/wp-content\/uploads\/96-LISTA-DUZNIKA\/3-Posebna-sema-duznika\/17-BINAS-dd-Armije-BiH-171-Bugojno-19-11.pdf\" rel=\"attachment wp-att-23083\">BINAS d.d. Armije BiH 171 Bugojno (&#8220;Slu\u017ebeni glasnik BiH&#8221;, broj 19\/11)<\/a>\n<ul>\n<li><a href=\"https:\/\/www.uino.gov.ba\/portal\/wp-content\/uploads\/96-LISTA-DUZNIKA\/3-Posebna-sema-duznika\/17-1-ukidanje-posebne-seme-binas-hrvatski-novo-doc-3-BINAS-18-06-18.pdf\" rel=\"attachment wp-att-23084\">Rje\u0161enje o ukidanje posebne \u0161eme du\u017enika (18.06.2018.)<\/a><\/li>\n<\/ul>\n<\/li>\n<li><a href=\"https:\/\/www.uino.gov.ba\/portal\/wp-content\/uploads\/96-LISTA-DUZNIKA\/3-Posebna-sema-duznika\/18-HEPOK-VINARIJA-LJUBUSKI-doo-Stjepana-Radica-bb-Ljubuski-19-11.pdf\" rel=\"attachment wp-att-23085\">HEPOK-VINARIJA LJUBU\u0160KI d.o.o. Stjepana Radi\u0107a bb Ljubu\u0161ki (&#8220;Slu\u017ebeni glasnik BiH&#8221;, broj 19\/11)<\/a><\/li>\n<li><a href=\"https:\/\/www.uino.gov.ba\/portal\/wp-content\/uploads\/96-LISTA-DUZNIKA\/3-Posebna-sema-duznika\/19-RDK-doo-za-trgovinu-i-usluge-Sovici-625-Grude-19-11.pdf\" rel=\"attachment wp-att-23086\">R.D.K. d.o.o. za trgovinu i usluge Sovi\u0107i 625 Grude (&#8220;Slu\u017ebeni glasnik BiH&#8221;, broj 19\/11)<\/a>\n<ul>\n<li><a href=\"https:\/\/www.uino.gov.ba\/portal\/wp-content\/uploads\/96-LISTA-DUZNIKA\/3-Posebna-sema-duznika\/19-1-Rjesenja-o-ukidanju-posebne-seme-duznika-R.D.K.-doo-Grude-i-Redarstvenik-doo-Mostar.pdf\" rel=\"attachment wp-att-51659\">Rje\u0161enja o ukidanju posebne \u0161eme du\u017enika R.D.K. doo Grude i Redarstvenik doo Mostar<\/a><\/li>\n<\/ul>\n<\/li>\n<li><a href=\"https:\/\/www.uino.gov.ba\/portal\/wp-content\/uploads\/96-LISTA-DUZNIKA\/3-Posebna-sema-duznika\/20-JAVNO-PODUZECE-RUDNICI-UGLJENA-TUSNICA-doo-Silvija-Strahimira-Kranjcevica-3-Livno-23-11.pdf\" rel=\"attachment wp-att-23087\">JAVNO PODUZE\u0106E RUDNICI UGLJENA TU\u0160NICA d.o.o Silvija Strahimira Kranj\u0109evi\u0107a 3 Livno (&#8220;Slu\u017ebeni glasnik BiH&#8221;, broj 23\/11)<\/a>\n<ul>\n<li><a href=\"https:\/\/www.uino.gov.ba\/portal\/wp-content\/uploads\/96-LISTA-DUZNIKA\/3-Posebna-sema-duznika\/20-1-JAVNO-PODUZECE-RUDNICI-UGLJENA-TUSNICA-Rjesenje-o-Ukidanju-posebne-seme-duznika-99-12.pdf\" rel=\"attachment wp-att-23088\">Rje\u0161enje o ukidanju posebne \u0161eme du\u017enika (&#8220;Slu\u017ebeni glasnik BiH&#8221;, broj 99\/12)<\/a><\/li>\n<\/ul>\n<\/li>\n<li><a href=\"https:\/\/www.uino.gov.ba\/portal\/wp-content\/uploads\/96-LISTA-DUZNIKA\/3-Posebna-sema-duznika\/21-ZADA-pharmaceuticals-d.o.o.-Bistarac-Donji-bb-Lukavac-23-15.pdf\" rel=\"attachment wp-att-23089\">ZADA pharmaceuticals d.o.o. Bistarac Donji bb Lukavac (&#8220;Slu\u017ebeni glasnik BiH&#8221;, broj 23\/15)<\/a>\n<ul>\n<li><a href=\"https:\/\/www.uino.gov.ba\/portal\/wp-content\/uploads\/96-LISTA-DUZNIKA\/3-Posebna-sema-duznika\/21-1-ukidanje_posebna_shema_BOS-19-06-18.pdf\" rel=\"attachment wp-att-23090\">Rje\u0161enje o ukidanje posebne \u0161eme du\u017enika (&#8220;Slu\u017ebeni glasnik BiH&#8221;, broj 43\/18) (19.06.2018.)<\/a><\/li>\n<\/ul>\n<\/li>\n<li><a href=\"https:\/\/www.uino.gov.ba\/portal\/wp-content\/uploads\/96-LISTA-DUZNIKA\/3-Posebna-sema-duznika\/22-Posebna-sema-duznika-Agrokomerc-sl-list-58-21-15-09-21.pdf\" rel=\"attachment wp-att-23091\">AGROKOMERC d.d. Velika Kladu\u0161a (&#8220;Slu\u017ebeni glasnik BiH&#8221;, broj 57\/21) (15.09.2021.)<\/a><\/li>\n<li><a href=\"https:\/\/www.uino.gov.ba\/portal\/wp-content\/uploads\/96-LISTA-DUZNIKA\/3-Posebna-sema-duznika\/23-BUDUCNOST-ad-s-list-67-21-5-11-21.pdf\" rel=\"attachment wp-att-23092\">BUDU\u0106NOST a.d. (&#8220;Slu\u017ebeni glasnik BiH&#8221;, broj 67\/21) (05.11.2021.)<\/a><\/li>\n<\/ul>\n<p>[\/et_pb_accordion_item][\/et_pb_accordion][\/et_pb_column][\/et_pb_row][\/et_pb_section]<\/p>\n","protected":false},"excerpt":{"rendered":"<p>Nakon \u0161to je 01.01.2014. godine stupio na snagu Zakon o izmjenama i dopunama Zakona o postupku indirektnog oporezivanja, po prvi od uspostave Uprave za indirektno oporezivanje BiH, stekli su se zakonski uvjeti za javno objavljivanje imena du\u017enika, koji imaju neizmirene obaveze po osnovu PDV-a, akcize i carine. Pored javne objave du\u017enika, u Zakonu o izmjenama [&hellip;]<\/p>\n","protected":false},"author":2,"featured_media":0,"parent":0,"menu_order":0,"comment_status":"closed","ping_status":"closed","template":"","meta":{"_acf_changed":false,"_et_pb_use_builder":"on","_et_pb_old_content":"","_et_gb_content_width":"","footnotes":""},"categories":[],"tags":[],"class_list":["post-23069","page","type-page","status-publish","hentry"],"acf":[],"yoast_head":"<!-- This site is optimized with the Yoast SEO plugin v27.6 - https:\/\/yoast.com\/product\/yoast-seo-wordpress\/ -->\n<title>Lista du\u017enika - Uprava za indirektno \/ neizravno oporezivanje BiH<\/title>\n<meta name=\"robots\" content=\"index, follow, max-snippet:-1, max-image-preview:large, max-video-preview:-1\" \/>\n<link rel=\"canonical\" href=\"https:\/\/www.uino.gov.ba\/portal\/bs\/lista-duznika\/\" \/>\n<meta property=\"og:locale\" content=\"en_US\" \/>\n<meta property=\"og:type\" content=\"article\" \/>\n<meta property=\"og:title\" content=\"Lista du\u017enika - Uprava za indirektno \/ neizravno oporezivanje BiH\" \/>\n<meta property=\"og:description\" content=\"Nakon \u0161to je 01.01.2014. godine stupio na snagu Zakon o izmjenama i dopunama Zakona o postupku indirektnog oporezivanja, po prvi od uspostave Uprave za indirektno oporezivanje BiH, stekli su se zakonski uvjeti za javno objavljivanje imena du\u017enika, koji imaju neizmirene obaveze po osnovu PDV-a, akcize i carine. Pored javne objave du\u017enika, u Zakonu o izmjenama [&hellip;]\" \/>\n<meta property=\"og:url\" content=\"https:\/\/www.uino.gov.ba\/portal\/bs\/lista-duznika\/\" \/>\n<meta property=\"og:site_name\" content=\"Uprava za indirektno \/ neizravno oporezivanje BiH\" \/>\n<meta property=\"article:modified_time\" content=\"2025-07-22T07:13:56+00:00\" \/>\n<meta name=\"twitter:card\" content=\"summary_large_image\" \/>\n<meta name=\"twitter:label1\" content=\"Est. reading time\" \/>\n\t<meta name=\"twitter:data1\" content=\"5 minutes\" \/>\n<script type=\"application\/ld+json\" class=\"yoast-schema-graph\">{\"@context\":\"https:\\\/\\\/schema.org\",\"@graph\":[{\"@type\":\"WebPage\",\"@id\":\"https:\\\/\\\/www.uino.gov.ba\\\/portal\\\/bs\\\/lista-duznika\\\/\",\"url\":\"https:\\\/\\\/www.uino.gov.ba\\\/portal\\\/bs\\\/lista-duznika\\\/\",\"name\":\"Lista du\u017enika - Uprava za indirektno \\\/ neizravno oporezivanje BiH\",\"isPartOf\":{\"@id\":\"https:\\\/\\\/www.uino.gov.ba\\\/portal\\\/#website\"},\"datePublished\":\"2021-06-01T07:00:36+00:00\",\"dateModified\":\"2025-07-22T07:13:56+00:00\",\"breadcrumb\":{\"@id\":\"https:\\\/\\\/www.uino.gov.ba\\\/portal\\\/bs\\\/lista-duznika\\\/#breadcrumb\"},\"inLanguage\":\"en-US\",\"potentialAction\":[{\"@type\":\"ReadAction\",\"target\":[\"https:\\\/\\\/www.uino.gov.ba\\\/portal\\\/bs\\\/lista-duznika\\\/\"]}]},{\"@type\":\"BreadcrumbList\",\"@id\":\"https:\\\/\\\/www.uino.gov.ba\\\/portal\\\/bs\\\/lista-duznika\\\/#breadcrumb\",\"itemListElement\":[{\"@type\":\"ListItem\",\"position\":1,\"name\":\"\",\"item\":\"https:\\\/\\\/www.uino.gov.ba\\\/portal\\\/bs\\\/\"},{\"@type\":\"ListItem\",\"position\":2,\"name\":\"Lista du\u017enika\"}]},{\"@type\":\"WebSite\",\"@id\":\"https:\\\/\\\/www.uino.gov.ba\\\/portal\\\/#website\",\"url\":\"https:\\\/\\\/www.uino.gov.ba\\\/portal\\\/\",\"name\":\"Uprava za indirektno \\\/ neizravno oporezivanje BiH\",\"description\":\"\",\"potentialAction\":[{\"@type\":\"SearchAction\",\"target\":{\"@type\":\"EntryPoint\",\"urlTemplate\":\"https:\\\/\\\/www.uino.gov.ba\\\/portal\\\/?s={search_term_string}\"},\"query-input\":{\"@type\":\"PropertyValueSpecification\",\"valueRequired\":true,\"valueName\":\"search_term_string\"}}],\"inLanguage\":\"en-US\"}]}<\/script>\n<!-- \/ Yoast SEO plugin. -->","yoast_head_json":{"title":"Lista du\u017enika - Uprava za indirektno \/ neizravno oporezivanje BiH","robots":{"index":"index","follow":"follow","max-snippet":"max-snippet:-1","max-image-preview":"max-image-preview:large","max-video-preview":"max-video-preview:-1"},"canonical":"https:\/\/www.uino.gov.ba\/portal\/bs\/lista-duznika\/","og_locale":"en_US","og_type":"article","og_title":"Lista du\u017enika - Uprava za indirektno \/ neizravno oporezivanje BiH","og_description":"Nakon \u0161to je 01.01.2014. godine stupio na snagu Zakon o izmjenama i dopunama Zakona o postupku indirektnog oporezivanja, po prvi od uspostave Uprave za indirektno oporezivanje BiH, stekli su se zakonski uvjeti za javno objavljivanje imena du\u017enika, koji imaju neizmirene obaveze po osnovu PDV-a, akcize i carine. Pored javne objave du\u017enika, u Zakonu o izmjenama [&hellip;]","og_url":"https:\/\/www.uino.gov.ba\/portal\/bs\/lista-duznika\/","og_site_name":"Uprava za indirektno \/ neizravno oporezivanje BiH","article_modified_time":"2025-07-22T07:13:56+00:00","twitter_card":"summary_large_image","twitter_misc":{"Est. reading time":"5 minutes"},"schema":{"@context":"https:\/\/schema.org","@graph":[{"@type":"WebPage","@id":"https:\/\/www.uino.gov.ba\/portal\/bs\/lista-duznika\/","url":"https:\/\/www.uino.gov.ba\/portal\/bs\/lista-duznika\/","name":"Lista du\u017enika - Uprava za indirektno \/ neizravno oporezivanje BiH","isPartOf":{"@id":"https:\/\/www.uino.gov.ba\/portal\/#website"},"datePublished":"2021-06-01T07:00:36+00:00","dateModified":"2025-07-22T07:13:56+00:00","breadcrumb":{"@id":"https:\/\/www.uino.gov.ba\/portal\/bs\/lista-duznika\/#breadcrumb"},"inLanguage":"en-US","potentialAction":[{"@type":"ReadAction","target":["https:\/\/www.uino.gov.ba\/portal\/bs\/lista-duznika\/"]}]},{"@type":"BreadcrumbList","@id":"https:\/\/www.uino.gov.ba\/portal\/bs\/lista-duznika\/#breadcrumb","itemListElement":[{"@type":"ListItem","position":1,"name":"","item":"https:\/\/www.uino.gov.ba\/portal\/bs\/"},{"@type":"ListItem","position":2,"name":"Lista du\u017enika"}]},{"@type":"WebSite","@id":"https:\/\/www.uino.gov.ba\/portal\/#website","url":"https:\/\/www.uino.gov.ba\/portal\/","name":"Uprava za indirektno \/ neizravno oporezivanje BiH","description":"","potentialAction":[{"@type":"SearchAction","target":{"@type":"EntryPoint","urlTemplate":"https:\/\/www.uino.gov.ba\/portal\/?s={search_term_string}"},"query-input":{"@type":"PropertyValueSpecification","valueRequired":true,"valueName":"search_term_string"}}],"inLanguage":"en-US"}]}},"publishpress_future_action":{"enabled":false,"date":"2026-05-21 02:11:58","action":"change-status","newStatus":"draft","terms":[],"taxonomy":"category","extraData":[]},"publishpress_future_workflow_manual_trigger":{"enabledWorkflows":[]},"_links":{"self":[{"href":"https:\/\/www.uino.gov.ba\/portal\/wp-json\/wp\/v2\/pages\/23069","targetHints":{"allow":["GET"]}}],"collection":[{"href":"https:\/\/www.uino.gov.ba\/portal\/wp-json\/wp\/v2\/pages"}],"about":[{"href":"https:\/\/www.uino.gov.ba\/portal\/wp-json\/wp\/v2\/types\/page"}],"author":[{"embeddable":true,"href":"https:\/\/www.uino.gov.ba\/portal\/wp-json\/wp\/v2\/users\/2"}],"replies":[{"embeddable":true,"href":"https:\/\/www.uino.gov.ba\/portal\/wp-json\/wp\/v2\/comments?post=23069"}],"version-history":[{"count":18,"href":"https:\/\/www.uino.gov.ba\/portal\/wp-json\/wp\/v2\/pages\/23069\/revisions"}],"predecessor-version":[{"id":51663,"href":"https:\/\/www.uino.gov.ba\/portal\/wp-json\/wp\/v2\/pages\/23069\/revisions\/51663"}],"wp:attachment":[{"href":"https:\/\/www.uino.gov.ba\/portal\/wp-json\/wp\/v2\/media?parent=23069"}],"wp:term":[{"taxonomy":"category","embeddable":true,"href":"https:\/\/www.uino.gov.ba\/portal\/wp-json\/wp\/v2\/categories?post=23069"},{"taxonomy":"post_tag","embeddable":true,"href":"https:\/\/www.uino.gov.ba\/portal\/wp-json\/wp\/v2\/tags?post=23069"}],"curies":[{"name":"wp","href":"https:\/\/api.w.org\/{rel}","templated":true}]}}