{"id":1793,"date":"2021-06-01T12:46:47","date_gmt":"2021-06-01T10:46:47","guid":{"rendered":"https:\/\/www.uino.gov.ba\/?page_id=1793"},"modified":"2026-05-05T15:11:44","modified_gmt":"2026-05-05T13:11:44","slug":"stop-svercu-2","status":"publish","type":"page","link":"https:\/\/www.uino.gov.ba\/portal\/hr\/stop-svercu-2\/","title":{"rendered":"Stop \u0161vercu"},"content":{"rendered":"<p>[et_pb_section fb_built=&#8221;1&#8243; _builder_version=&#8221;4.16&#8243; _module_preset=&#8221;default&#8221; da_disable_devices=&#8221;off|off|off&#8221; global_colors_info=&#8221;{}&#8221; da_is_popup=&#8221;off&#8221; da_exit_intent=&#8221;off&#8221; da_has_close=&#8221;on&#8221; da_alt_close=&#8221;off&#8221; da_dark_close=&#8221;off&#8221; da_not_modal=&#8221;on&#8221; da_is_singular=&#8221;off&#8221; da_with_loader=&#8221;off&#8221; da_has_shadow=&#8221;on&#8221;][et_pb_row column_structure=&#8221;1_2,1_2&#8243; _builder_version=&#8221;4.16&#8243; _module_preset=&#8221;default&#8221; locked=&#8221;off&#8221; global_colors_info=&#8221;{}&#8221;][et_pb_column type=&#8221;1_2&#8243; _builder_version=&#8221;4.16&#8243; _module_preset=&#8221;default&#8221; global_colors_info=&#8221;{}&#8221;][et_pb_video src=&#8221;https:\/\/youtu.be\/dyqyruZ-36I&#8221; _builder_version=&#8221;4.27.4&#8243; _module_preset=&#8221;default&#8221; locked=&#8221;off&#8221; global_colors_info=&#8221;{}&#8221;][\/et_pb_video][et_pb_text _builder_version=&#8221;4.17.6&#8243; _module_preset=&#8221;default&#8221; global_colors_info=&#8221;{}&#8221;]<\/p>\n<h3 style=\"text-align: center;\"><strong>Web obrazac za prijavu bilo kojeg oblika utaje carine i poreza<\/strong><\/h3>\n<p style=\"text-align: justify;\">Ukoliko imate bilo kakve informacije o nelegalnom uvozu roba ili bilo koje druge informacije koje ukazuju na eventualno kr\u0161enje carinskih ili poreznih zakonskih propisa, mo\u017eete poslati informaciju Sektoru za provo\u0111enje propisa Uprave za indirektno oporezivanje.<\/p>\n<p>[\/et_pb_text][et_pb_contact_form email=&#8221;stop.svercu@uino.gov.ba&#8221; _builder_version=&#8221;4.17.6&#8243; _module_preset=&#8221;default&#8221; _unique_id=&#8221;71dfa604-de03-4b0f-9b11-f2201aa8fe82&#8243; global_colors_info=&#8221;{}&#8221;][et_pb_contact_field field_id=&#8221;Naslov&#8221; field_title=&#8221;Naslov&#8221; fullwidth_field=&#8221;on&#8221; _builder_version=&#8221;4.16&#8243; _module_preset=&#8221;default&#8221; global_colors_info=&#8221;{}&#8221;][\/et_pb_contact_field][et_pb_contact_field field_id=&#8221;Tekst&#8221; field_title=&#8221;Tekst&#8221; field_type=&#8221;text&#8221; fullwidth_field=&#8221;on&#8221; _builder_version=&#8221;4.16&#8243; global_colors_info=&#8221;{}&#8221; button_text_size__hover_enabled=&#8221;off&#8221; button_one_text_size__hover_enabled=&#8221;off&#8221; button_two_text_size__hover_enabled=&#8221;off&#8221; button_text_color__hover_enabled=&#8221;off&#8221; button_one_text_color__hover_enabled=&#8221;off&#8221; button_two_text_color__hover_enabled=&#8221;off&#8221; button_border_width__hover_enabled=&#8221;off&#8221; button_one_border_width__hover_enabled=&#8221;off&#8221; button_two_border_width__hover_enabled=&#8221;off&#8221; button_border_color__hover_enabled=&#8221;off&#8221; button_one_border_color__hover_enabled=&#8221;off&#8221; button_two_border_color__hover_enabled=&#8221;off&#8221; button_border_radius__hover_enabled=&#8221;off&#8221; button_one_border_radius__hover_enabled=&#8221;off&#8221; button_two_border_radius__hover_enabled=&#8221;off&#8221; button_letter_spacing__hover_enabled=&#8221;off&#8221; button_one_letter_spacing__hover_enabled=&#8221;off&#8221; button_two_letter_spacing__hover_enabled=&#8221;off&#8221; button_bg_color__hover_enabled=&#8221;off&#8221; button_one_bg_color__hover_enabled=&#8221;off&#8221; button_two_bg_color__hover_enabled=&#8221;off&#8221;][\/et_pb_contact_field][\/et_pb_contact_form][\/et_pb_column][et_pb_column type=&#8221;1_2&#8243; _builder_version=&#8221;4.16&#8243; _module_preset=&#8221;default&#8221; global_colors_info=&#8221;{}&#8221;][et_pb_text admin_label=&#8221;stop \u0161vercu text&#8221; _builder_version=&#8221;4.27.4&#8243; _module_preset=&#8221;default&#8221; global_colors_info=&#8221;{}&#8221;]<\/p>\n<h3 style=\"text-align: center;\"><strong>Prijavite potpuno anonimno bilo koji oblik utaje carine ili poreza<\/strong><\/h3>\n<p>Uprava za indirektno oporezivanje sve gra\u0111ane poziva na saradnju putem otvorene linije <strong>080 02 06 07<\/strong><\/p>\n<p class=\"text_PDV\"><span class=\"style8 style16\">Otvorena linija pode\u0161ena je tako da se ne mo\u017ee vidjeti sa kojeg broja zovete i niste du\u017eni<\/span>\u00a0<span class=\"style8 style16\">ostavljati li\u010dne podatke, te se ni na koji na\u010din ne mo\u017ee utvrditi Va\u0161 identitet.<\/span><\/p>\n<p class=\"text_PDV\"><span class=\"style8 style16\">Slu\u017ebenici Uprave za indirektno oporezivanje na raspolaganju su Vam 24 sata za Va\u0161e<\/span>\u00a0<span class=\"style8 style16\">pozive na broj:<\/span><\/p>\n<h3 class=\"text_PDV\" style=\"text-align: center;\"><span style=\"color: #e02b20;\"><strong>080 02 06 07<\/strong><\/span><\/h3>\n<p class=\"text_PDV\" style=\"text-align: justify;\">Tro\u0161kove Va\u0161ih poziva snosi Uprava za indirektno oporezivanje BiH i oni su za Vas u potpunosti besplatni.<\/p>\n<p>[\/et_pb_text][et_pb_text admin_label=&#8221;Viber stop \u0161vercu&#8221; _builder_version=&#8221;4.24.0&#8243; _module_preset=&#8221;default&#8221; header_3_line_height=&#8221;1.3em&#8221; locked=&#8221;off&#8221; global_colors_info=&#8221;{}&#8221;]<\/p>\n<h3 style=\"text-align: center;\"><strong>Putem Viber broja <span style=\"color: #ff0000;\">065 355 155<\/span><\/strong><\/h3>\n<p style=\"text-align: justify;\">gra\u0111ani nam mogu proslijediti informacije o mjestu i osobama koje se bave nezakonitom prodajom duhana i duhanskih prera\u0111evina. \u0160to vi\u0161e jasnih i konkretnih informacija od velike je pomo\u0107i slu\u017ebenicima UNO jer \u0107e br\u017ee i lak\u0161e provesti aktivnosti na terenu i izvr\u0161iti oduzimanje nelegalno prodavane tro\u0161arinske robe.<\/p>\n<p>[\/et_pb_text][et_pb_text admin_label=&#8221;Broj prijava STOP \u0160VERCU&#8221; _builder_version=&#8221;4.27.4&#8243; _module_preset=&#8221;default&#8221; header_3_line_height=&#8221;1.3em&#8221; locked=&#8221;off&#8221; global_colors_info=&#8221;{}&#8221;]<\/p>\n<h3 style=\"text-align: center;\"><strong>Broj prijava u 2026. godini<\/strong><\/h3>\n<p style=\"text-align: justify;\">Putem Otvorene linije (telefonski broj, Viber broj, e-mail) Uprava za neizravno oporezivanje je u razdoblju od 01.04. do 30.04. ukupno zaprimila 56 informacija, od kojih je 54 proslije\u0111eno na postupanje nadle\u017enim organizacijskim jedinicama. U navedenom razdoblju, Skupina za operativne poslove je zaprimila odgovore na 10 informacija koje su rezultirale povredom propisa.<\/p>\n<p>[\/et_pb_text][\/et_pb_column][\/et_pb_row][et_pb_row _builder_version=&#8221;4.27.4&#8243; _module_preset=&#8221;default&#8221; global_colors_info=&#8221;{}&#8221;][et_pb_column type=&#8221;4_4&#8243; _builder_version=&#8221;4.27.4&#8243; _module_preset=&#8221;default&#8221; global_colors_info=&#8221;{}&#8221;][et_pb_text _builder_version=&#8221;4.17.4&#8243; _module_preset=&#8221;default&#8221; locked=&#8221;off&#8221; global_colors_info=&#8221;{}&#8221;]<\/p>\n<h3 style=\"text-align: center;\"><strong>Prijavite korupciju<\/strong><\/h3>\n<p style=\"text-align: justify;\">U cilju da se osigura maksimalna profesionalnost i transparentnost u radu svakog zaposlenog u Upravi za neizravno oporezivanje, obavje\u0161tavamo sve obveznike neizravnih poreza, kao i sve gra\u0111ane u Bosni i Hercegovini, koji su nezadovljni radom slu\u017ebenika UNO, neprimjerenim pona\u0161anjem ili nezakonitim postupanjem istih, da imaju mogu\u0107nost podno\u0161enja primjedbi i elektronskim putem na e-mail adresu:<\/p>\n<h3 style=\"text-align: center;\"><strong><a href=\"mailto:primjedbe@uino.gov.ba\"><span style=\"color: #ff0000;\">primjedbe@uino.gov.ba<\/span><\/a><\/strong><\/h3>\n<p style=\"text-align: justify;\">Odsjek za profesionalne standarde, kao nadle\u017ena oragizaciona jedinica u Upravi za neizravno oporezivanje, provjeri\u0107e svaku zaprimljenu primjedbu na na\u010din da \u0107e ista biti obra\u0111ena stru\u010dno, nepristrasno i efikasno, uz dostavljanje povratne informacije podnosiocu primjedbe.<\/p>\n<p>&nbsp;<\/p>\n<p>[\/et_pb_text][et_pb_image src=&#8221;https:\/\/www.uino.gov.ba\/portal\/wp-content\/uploads\/94-R-Slike-banera\/Stop-korupcija-L.jpg&#8221; title_text=&#8221;Stop korupcija L&#8221; show_in_lightbox=&#8221;on&#8221; admin_label=&#8221;Vodi\u010d za prijavu korupcije &#8211; slika&#8221; _builder_version=&#8221;4.24.3&#8243; _module_preset=&#8221;default&#8221; locked=&#8221;off&#8221; global_colors_info=&#8221;{}&#8221;][\/et_pb_image][\/et_pb_column][\/et_pb_row][\/et_pb_section]<\/p>\n","protected":false},"excerpt":{"rendered":"<p>Web obrazac za prijavu bilo kojeg oblika utaje carine i poreza Ukoliko imate bilo kakve informacije o nelegalnom uvozu roba ili bilo koje druge informacije koje ukazuju na eventualno kr\u0161enje carinskih ili poreznih zakonskih propisa, mo\u017eete poslati informaciju Sektoru za provo\u0111enje propisa Uprave za indirektno oporezivanje.Prijavite potpuno anonimno bilo koji oblik utaje carine ili poreza [&hellip;]<\/p>\n","protected":false},"author":2,"featured_media":0,"parent":0,"menu_order":0,"comment_status":"closed","ping_status":"closed","template":"","meta":{"_acf_changed":false,"_et_pb_use_builder":"on","_et_pb_old_content":"","_et_gb_content_width":"","footnotes":""},"categories":[],"tags":[],"class_list":["post-1793","page","type-page","status-publish","hentry"],"acf":[],"yoast_head":"<!-- This site is optimized with the Yoast SEO plugin v27.5 - https:\/\/yoast.com\/product\/yoast-seo-wordpress\/ -->\n<title>Stop \u0161vercu - Uprava za indirektno \/ neizravno oporezivanje BiH<\/title>\n<meta name=\"robots\" content=\"index, follow, max-snippet:-1, max-image-preview:large, max-video-preview:-1\" \/>\n<link rel=\"canonical\" href=\"https:\/\/www.uino.gov.ba\/portal\/hr\/stop-svercu-2\/\" \/>\n<meta property=\"og:locale\" content=\"en_US\" \/>\n<meta property=\"og:type\" content=\"article\" \/>\n<meta property=\"og:title\" content=\"Stop \u0161vercu - Uprava za indirektno \/ neizravno oporezivanje BiH\" \/>\n<meta property=\"og:description\" content=\"Web obrazac za prijavu bilo kojeg oblika utaje carine i poreza Ukoliko imate bilo kakve informacije o nelegalnom uvozu roba ili bilo koje druge informacije koje ukazuju na eventualno kr\u0161enje carinskih ili poreznih zakonskih propisa, mo\u017eete poslati informaciju Sektoru za provo\u0111enje propisa Uprave za indirektno oporezivanje.Prijavite potpuno anonimno bilo koji oblik utaje carine ili poreza [&hellip;]\" \/>\n<meta property=\"og:url\" content=\"https:\/\/www.uino.gov.ba\/portal\/hr\/stop-svercu-2\/\" \/>\n<meta property=\"og:site_name\" content=\"Uprava za indirektno \/ neizravno oporezivanje BiH\" \/>\n<meta property=\"article:modified_time\" content=\"2026-05-05T13:11:44+00:00\" \/>\n<meta name=\"twitter:card\" content=\"summary_large_image\" \/>\n<meta name=\"twitter:label1\" content=\"Est. reading time\" \/>\n\t<meta name=\"twitter:data1\" content=\"2 minutes\" \/>\n<script type=\"application\/ld+json\" class=\"yoast-schema-graph\">{\"@context\":\"https:\\\/\\\/schema.org\",\"@graph\":[{\"@type\":\"WebPage\",\"@id\":\"https:\\\/\\\/www.uino.gov.ba\\\/portal\\\/hr\\\/stop-svercu-2\\\/\",\"url\":\"https:\\\/\\\/www.uino.gov.ba\\\/portal\\\/hr\\\/stop-svercu-2\\\/\",\"name\":\"Stop \u0161vercu - Uprava za indirektno \\\/ neizravno oporezivanje BiH\",\"isPartOf\":{\"@id\":\"https:\\\/\\\/www.uino.gov.ba\\\/portal\\\/#website\"},\"datePublished\":\"2021-06-01T10:46:47+00:00\",\"dateModified\":\"2026-05-05T13:11:44+00:00\",\"breadcrumb\":{\"@id\":\"https:\\\/\\\/www.uino.gov.ba\\\/portal\\\/hr\\\/stop-svercu-2\\\/#breadcrumb\"},\"inLanguage\":\"en-US\",\"potentialAction\":[{\"@type\":\"ReadAction\",\"target\":[\"https:\\\/\\\/www.uino.gov.ba\\\/portal\\\/hr\\\/stop-svercu-2\\\/\"]}]},{\"@type\":\"BreadcrumbList\",\"@id\":\"https:\\\/\\\/www.uino.gov.ba\\\/portal\\\/hr\\\/stop-svercu-2\\\/#breadcrumb\",\"itemListElement\":[{\"@type\":\"ListItem\",\"position\":1,\"name\":\"\",\"item\":\"https:\\\/\\\/www.uino.gov.ba\\\/portal\\\/bs\\\/\"},{\"@type\":\"ListItem\",\"position\":2,\"name\":\"Stop \u0161vercu\"}]},{\"@type\":\"WebSite\",\"@id\":\"https:\\\/\\\/www.uino.gov.ba\\\/portal\\\/#website\",\"url\":\"https:\\\/\\\/www.uino.gov.ba\\\/portal\\\/\",\"name\":\"Uprava za indirektno \\\/ neizravno oporezivanje BiH\",\"description\":\"\",\"potentialAction\":[{\"@type\":\"SearchAction\",\"target\":{\"@type\":\"EntryPoint\",\"urlTemplate\":\"https:\\\/\\\/www.uino.gov.ba\\\/portal\\\/?s={search_term_string}\"},\"query-input\":{\"@type\":\"PropertyValueSpecification\",\"valueRequired\":true,\"valueName\":\"search_term_string\"}}],\"inLanguage\":\"en-US\"}]}<\/script>\n<!-- \/ Yoast SEO plugin. -->","yoast_head_json":{"title":"Stop \u0161vercu - Uprava za indirektno \/ neizravno oporezivanje BiH","robots":{"index":"index","follow":"follow","max-snippet":"max-snippet:-1","max-image-preview":"max-image-preview:large","max-video-preview":"max-video-preview:-1"},"canonical":"https:\/\/www.uino.gov.ba\/portal\/hr\/stop-svercu-2\/","og_locale":"en_US","og_type":"article","og_title":"Stop \u0161vercu - Uprava za indirektno \/ neizravno oporezivanje BiH","og_description":"Web obrazac za prijavu bilo kojeg oblika utaje carine i poreza Ukoliko imate bilo kakve informacije o nelegalnom uvozu roba ili bilo koje druge informacije koje ukazuju na eventualno kr\u0161enje carinskih ili poreznih zakonskih propisa, mo\u017eete poslati informaciju Sektoru za provo\u0111enje propisa Uprave za indirektno oporezivanje.Prijavite potpuno anonimno bilo koji oblik utaje carine ili poreza [&hellip;]","og_url":"https:\/\/www.uino.gov.ba\/portal\/hr\/stop-svercu-2\/","og_site_name":"Uprava za indirektno \/ neizravno oporezivanje BiH","article_modified_time":"2026-05-05T13:11:44+00:00","twitter_card":"summary_large_image","twitter_misc":{"Est. reading time":"2 minutes"},"schema":{"@context":"https:\/\/schema.org","@graph":[{"@type":"WebPage","@id":"https:\/\/www.uino.gov.ba\/portal\/hr\/stop-svercu-2\/","url":"https:\/\/www.uino.gov.ba\/portal\/hr\/stop-svercu-2\/","name":"Stop \u0161vercu - Uprava za indirektno \/ neizravno oporezivanje BiH","isPartOf":{"@id":"https:\/\/www.uino.gov.ba\/portal\/#website"},"datePublished":"2021-06-01T10:46:47+00:00","dateModified":"2026-05-05T13:11:44+00:00","breadcrumb":{"@id":"https:\/\/www.uino.gov.ba\/portal\/hr\/stop-svercu-2\/#breadcrumb"},"inLanguage":"en-US","potentialAction":[{"@type":"ReadAction","target":["https:\/\/www.uino.gov.ba\/portal\/hr\/stop-svercu-2\/"]}]},{"@type":"BreadcrumbList","@id":"https:\/\/www.uino.gov.ba\/portal\/hr\/stop-svercu-2\/#breadcrumb","itemListElement":[{"@type":"ListItem","position":1,"name":"","item":"https:\/\/www.uino.gov.ba\/portal\/bs\/"},{"@type":"ListItem","position":2,"name":"Stop \u0161vercu"}]},{"@type":"WebSite","@id":"https:\/\/www.uino.gov.ba\/portal\/#website","url":"https:\/\/www.uino.gov.ba\/portal\/","name":"Uprava za indirektno \/ neizravno oporezivanje BiH","description":"","potentialAction":[{"@type":"SearchAction","target":{"@type":"EntryPoint","urlTemplate":"https:\/\/www.uino.gov.ba\/portal\/?s={search_term_string}"},"query-input":{"@type":"PropertyValueSpecification","valueRequired":true,"valueName":"search_term_string"}}],"inLanguage":"en-US"}]}},"publishpress_future_action":{"enabled":false,"date":"2026-05-15 17:55:17","action":"change-status","newStatus":"draft","terms":[],"taxonomy":"category","extraData":[]},"publishpress_future_workflow_manual_trigger":{"enabledWorkflows":[]},"_links":{"self":[{"href":"https:\/\/www.uino.gov.ba\/portal\/wp-json\/wp\/v2\/pages\/1793","targetHints":{"allow":["GET"]}}],"collection":[{"href":"https:\/\/www.uino.gov.ba\/portal\/wp-json\/wp\/v2\/pages"}],"about":[{"href":"https:\/\/www.uino.gov.ba\/portal\/wp-json\/wp\/v2\/types\/page"}],"author":[{"embeddable":true,"href":"https:\/\/www.uino.gov.ba\/portal\/wp-json\/wp\/v2\/users\/2"}],"replies":[{"embeddable":true,"href":"https:\/\/www.uino.gov.ba\/portal\/wp-json\/wp\/v2\/comments?post=1793"}],"version-history":[{"count":26,"href":"https:\/\/www.uino.gov.ba\/portal\/wp-json\/wp\/v2\/pages\/1793\/revisions"}],"predecessor-version":[{"id":55793,"href":"https:\/\/www.uino.gov.ba\/portal\/wp-json\/wp\/v2\/pages\/1793\/revisions\/55793"}],"wp:attachment":[{"href":"https:\/\/www.uino.gov.ba\/portal\/wp-json\/wp\/v2\/media?parent=1793"}],"wp:term":[{"taxonomy":"category","embeddable":true,"href":"https:\/\/www.uino.gov.ba\/portal\/wp-json\/wp\/v2\/categories?post=1793"},{"taxonomy":"post_tag","embeddable":true,"href":"https:\/\/www.uino.gov.ba\/portal\/wp-json\/wp\/v2\/tags?post=1793"}],"curies":[{"name":"wp","href":"https:\/\/api.w.org\/{rel}","templated":true}]}}