{"id":1709,"date":"2021-06-01T18:03:39","date_gmt":"2021-06-01T16:03:39","guid":{"rendered":"https:\/\/www.uino.gov.ba\/?page_id=1709"},"modified":"2025-05-13T09:17:44","modified_gmt":"2025-05-13T07:17:44","slug":"contact-en","status":"publish","type":"page","link":"https:\/\/www.uino.gov.ba\/portal\/en\/contact-en\/","title":{"rendered":"Contact"},"content":{"rendered":"<p>[et_pb_section fb_built=&#8221;1&#8243; _builder_version=&#8221;4.16&#8243; _module_preset=&#8221;default&#8221; da_disable_devices=&#8221;off|off|off&#8221; locked=&#8221;off&#8221; global_colors_info=&#8221;{}&#8221; da_is_popup=&#8221;off&#8221; da_exit_intent=&#8221;off&#8221; da_has_close=&#8221;on&#8221; da_alt_close=&#8221;off&#8221; da_dark_close=&#8221;off&#8221; da_not_modal=&#8221;on&#8221; da_is_singular=&#8221;off&#8221; da_with_loader=&#8221;off&#8221; da_has_shadow=&#8221;on&#8221;][et_pb_row _builder_version=&#8221;4.16&#8243; _module_preset=&#8221;default&#8221; width=&#8221;90%&#8221; max_width=&#8221;1200px&#8221; custom_padding=&#8221;0px||||false|false&#8221; locked=&#8221;off&#8221; global_colors_info=&#8221;{}&#8221;][et_pb_column type=&#8221;4_4&#8243; _builder_version=&#8221;4.16&#8243; _module_preset=&#8221;default&#8221; global_colors_info=&#8221;{}&#8221;][et_pb_map address=&#8221;Bosnia and Herzegovina&#8221; zoom_level=&#8221;7&#8243; address_lat=&#8221;44.245856124842&#8243; address_lng=&#8221;17.494796838643&#8243; _builder_version=&#8221;4.17.3&#8243; _module_preset=&#8221;default&#8221; border_radii=&#8221;on|2px|2px|2px|2px&#8221; border_color_all=&#8221;#f1f5f7&#8243; global_colors_info=&#8221;{}&#8221;][et_pb_map_pin title=&#8221;Uprava za indirektno-neizravno oporezivanje Bosne i Hercegovine&#8221; pin_address=&#8221;Vase Pelagi\u0107a 11a, Banja Luka 78000, Bosnia and Herzegovina&#8221; zoom_level=&#8221;17&#8243; pin_address_lat=&#8221;44.771721071333&#8243; pin_address_lng=&#8221;17.195403303983&#8243; _builder_version=&#8221;4.17.3&#8243; _module_preset=&#8221;default&#8221; global_colors_info=&#8221;{}&#8221;]<\/p>\n<p><span>Bana dr Todora Lazarevi\u0107a bb<br \/>78000 Banja Luka <\/span><\/p>\n<p>[\/et_pb_map_pin][et_pb_map_pin title=&#8221;Regionalni centar Banja Luka&#8221; pin_address=&#8221;Dr. Mladena Stojanovi\u0107a 7, Banja Luka 78000, Bosnia and Herzegovina&#8221; pin_address_lat=&#8221;44.7801292&#8243; pin_address_lng=&#8221;17.1985871&#8243; _builder_version=&#8221;4.17.3&#8243; _module_preset=&#8221;default&#8221; global_colors_info=&#8221;{}&#8221;]<\/p>\n<p>Mladena Stojanovi\u0107a 7<br \/>78 000 Banja Luka<\/p>\n<p>[\/et_pb_map_pin][et_pb_map_pin title=&#8221;Regionalni centar Mostar&#8221; pin_address=&#8221;Rodo\u010d 88000, Bosnia and Herzegovina&#8221; pin_address_lat=&#8221;43.3128268&#8243; pin_address_lng=&#8221;17.8144591&#8243; _builder_version=&#8221;4.17.3&#8243; _module_preset=&#8221;default&#8221; global_colors_info=&#8221;{}&#8221;]<\/p>\n<p>Rodo\u010d bb<br \/>88 000 Mostar<\/p>\n<p>[\/et_pb_map_pin][et_pb_map_pin title=&#8221;Regionalni centar Sarajevo&#8221; pin_address=&#8221;Zmaja od Bosne 47b, Sarajevo 71000, Bosnia and Herzegovina&#8221; pin_address_lat=&#8221;43.85286&#8243; pin_address_lng=&#8221;18.3884552&#8243; _builder_version=&#8221;4.17.3&#8243; _module_preset=&#8221;default&#8221; global_colors_info=&#8221;{}&#8221;]<\/p>\n<p>Zmaja od Bosne 47b<br \/>71 000 Sarajevo<\/p>\n<p>[\/et_pb_map_pin][et_pb_map_pin title=&#8221;Regionalni centar Tuzla&#8221; pin_address=&#8221;Mitra Trifunovi\u0107a U\u010de 161, Tuzla 75000, Bosnia and Herzegovina&#8221; pin_address_lat=&#8221;44.5276371&#8243; pin_address_lng=&#8221;18.6400387&#8243; _builder_version=&#8221;4.17.3&#8243; _module_preset=&#8221;default&#8221; global_colors_info=&#8221;{}&#8221;]<\/p>\n<p>Mitra Trifunovi\u0107a U\u010de 161<br \/>75 000 Tuzla<\/p>\n<p>[\/et_pb_map_pin][\/et_pb_map][\/et_pb_column][\/et_pb_row][et_pb_row column_structure=&#8221;1_2,1_2&#8243; use_custom_gutter=&#8221;on&#8221; gutter_width=&#8221;2&#8243; make_equal=&#8221;on&#8221; _builder_version=&#8221;4.17.6&#8243; _dynamic_attributes=&#8221;link_option_url&#8221; _module_preset=&#8221;default&#8221; background_enable_color=&#8221;off&#8221; width=&#8221;90%&#8221; max_width=&#8221;1200px&#8221; custom_padding=&#8221;0px||||false|false&#8221; link_option_url=&#8221;@ET-DC@eyJkeW5hbWljIjp0cnVlLCJjb250ZW50IjoicG9zdF9saW5rX3VybF9wb3N0Iiwic2V0dGluZ3MiOnsicG9zdF9pZCI6IjIzNTQwIn19@&#8221; border_color_all=&#8221;#FFFFFF&#8221; locked=&#8221;off&#8221; global_colors_info=&#8221;{}&#8221;][et_pb_column type=&#8221;1_2&#8243; _builder_version=&#8221;4.16&#8243; _module_preset=&#8221;default&#8221; background_color=&#8221;#f1f5f7&#8243; custom_padding=&#8221;20px|20px|20px|20px|true|true&#8221; border_radii=&#8221;on|2px|2px|2px|2px&#8221; global_colors_info=&#8221;{}&#8221;][et_pb_text admin_label=&#8221;Glavni ured&#8221; _builder_version=&#8221;4.27.4&#8243; _dynamic_attributes=&#8221;link_option_url&#8221; _module_preset=&#8221;default&#8221; header_2_font=&#8221;|600|||||||&#8221; background_enable_color=&#8221;off&#8221; link_option_url=&#8221;@ET-DC@eyJkeW5hbWljIjp0cnVlLCJjb250ZW50IjoicG9zdF9saW5rX3VybF9wb3N0Iiwic2V0dGluZ3MiOnsicG9zdF9pZCI6IjIzNTQwIn19@&#8221; hover_enabled=&#8221;0&#8243; global_colors_info=&#8221;{}&#8221; sticky_enabled=&#8221;0&#8243;]<\/p>\n<h2>Contact us<\/h2>\n<p>Contact us via phone, email or in person in nearest office of ITA.<\/p>\n<p>&nbsp;<\/p>\n<p><i class=\"fa fa-university\"><\/i> Uprava za indirektno oporezivanje &#8211; Headquarter &#8211;<br \/><i class=\"fa fa-map-marker\"><\/i> Bana Lazarevi\u0107a bb, 78 000 Banja Luka<\/p>\n<p><i class=\"fa fa-phone\"><\/i> +387 51 335 131<br \/><i class=\"fa fa-print\"><\/i> +387 51 335 101<\/p>\n<p><i class=\"fa fa-envelope\"><\/i> info@uino.gov.ba<br \/><i class=\"fa fa-internet-explorer\"><\/i> www.uino.gov.ba<\/p>\n<p>[\/et_pb_text][\/et_pb_column][et_pb_column type=&#8221;1_2&#8243; _builder_version=&#8221;4.16&#8243; _module_preset=&#8221;default&#8221; background_color=&#8221;#f1f5f7&#8243; background_image=&#8221;https:\/\/www.uino.gov.ba\/portal\/wp-content\/uploads\/3-O-NAMA\/4-FOTO-ZGRADE-I-ORGANOGRAM\/1-su.jpeg&#8221; custom_padding=&#8221;20px|20px|20px|20px|true|true&#8221; border_radii=&#8221;on|2px|2px|2px|2px&#8221; global_colors_info=&#8221;{}&#8221;][\/et_pb_column][\/et_pb_row][et_pb_row column_structure=&#8221;1_4,1_4,1_4,1_4&#8243; use_custom_gutter=&#8221;on&#8221; gutter_width=&#8221;2&#8243; make_equal=&#8221;on&#8221; _builder_version=&#8221;4.16&#8243; _module_preset=&#8221;default&#8221; width=&#8221;90%&#8221; max_width=&#8221;1200px&#8221; custom_padding=&#8221;0px||||false|false&#8221; locked=&#8221;off&#8221; global_colors_info=&#8221;{}&#8221;][et_pb_column type=&#8221;1_4&#8243; _builder_version=&#8221;4.16&#8243; _module_preset=&#8221;default&#8221; background_color=&#8221;#f1f5f7&#8243; custom_padding=&#8221;20px|15px|20px|15px|true|true&#8221; border_radii=&#8221;on|2px|2px|2px|2px&#8221; global_colors_info=&#8221;{}&#8221;][et_pb_team_member name=&#8221;Regionalni OFFICE Banja Luka&#8221; image_url=&#8221;https:\/\/www.uino.gov.ba\/portal\/wp-content\/uploads\/3-O-NAMA\/4-FOTO-ZGRADE-I-ORGANOGRAM\/1-BL.jpg&#8221; admin_label=&#8221;Regionalni cenar Banja Luka&#8221; _builder_version=&#8221;4.17.4&#8243; _dynamic_attributes=&#8221;link_option_url&#8221; _module_preset=&#8221;default&#8221; header_level=&#8221;h2&#8243; header_font=&#8221;|600||on|||||&#8221; header_text_align=&#8221;left&#8221; header_font_size=&#8221;18px&#8221; header_line_height=&#8221;1.1em&#8221; body_font_size=&#8221;15px&#8221; background_enable_color=&#8221;off&#8221; filter_brightness=&#8221;95%&#8221; link_option_url=&#8221;@ET-DC@eyJkeW5hbWljIjp0cnVlLCJjb250ZW50IjoicG9zdF9saW5rX3VybF9wb3N0Iiwic2V0dGluZ3MiOnsicG9zdF9pZCI6IjIzNDUwIn19@&#8221; custom_css_member_image=&#8221;margin: -20px -15px 20px -15px&#8221; global_colors_info=&#8221;{}&#8221; background__hover_enabled=&#8221;on|desktop&#8221; background_color__hover=&#8221;&#8221; background_enable_color__hover=&#8221;off&#8221;]<\/p>\n<p><i class=\"fa fa-university\"><\/i> Regionalni office Banja Luka<br \/><i class=\"fa fa-map-marker\"><\/i> Mladena Stojanovi\u0107a 7, 78 000 Banja Luka<\/p>\n<p><i class=\"fa fa-phone\"><\/i> +387 51 312 009<br \/><i class=\"fa fa-print\"><\/i> +387 51 301 130<\/p>\n<p><i class=\"fa fa-envelope\"><\/i> info@uino.gov.ba<\/p>\n<p>[\/et_pb_team_member][\/et_pb_column][et_pb_column type=&#8221;1_4&#8243; _builder_version=&#8221;4.16&#8243; _module_preset=&#8221;default&#8221; background_color=&#8221;#f1f5f7&#8243; custom_padding=&#8221;20px|15px|20px|15px|true|true&#8221; border_radii=&#8221;on|2px|2px|2px|2px&#8221; global_colors_info=&#8221;{}&#8221;][et_pb_team_member name=&#8221;Regionalni OFFICE Mostar&#8221; image_url=&#8221;https:\/\/www.uino.gov.ba\/portal\/wp-content\/uploads\/dnevni-izvjestaji\/3-O-NAMA\/4-FOTO-ZGRADE-I-ORGANOGRAM\/3-mo.jpeg&#8221; admin_label=&#8221;Regionalni cenar Mostar&#8221; _builder_version=&#8221;4.17.4&#8243; _dynamic_attributes=&#8221;link_option_url&#8221; _module_preset=&#8221;default&#8221; header_level=&#8221;h2&#8243; header_font=&#8221;|600||on|||||&#8221; header_text_align=&#8221;left&#8221; header_font_size=&#8221;18px&#8221; header_line_height=&#8221;1.1em&#8221; body_font_size=&#8221;15px&#8221; background_enable_color=&#8221;off&#8221; filter_brightness=&#8221;95%&#8221; link_option_url=&#8221;@ET-DC@eyJkeW5hbWljIjp0cnVlLCJjb250ZW50IjoicG9zdF9saW5rX3VybF9wb3N0Iiwic2V0dGluZ3MiOnsicG9zdF9pZCI6IjIzNDY4In19@&#8221; custom_css_member_image=&#8221;margin: -20px -15px 20px -15px&#8221; global_colors_info=&#8221;{}&#8221; background__hover_enabled=&#8221;on|hover&#8221; background_color__hover=&#8221;&#8221; background_enable_color__hover=&#8221;off&#8221;]<\/p>\n<p><i class=\"fa fa-university\"><\/i> Regionalni office Mostar<br \/><i class=\"fa fa-map-marker\"><\/i> Rodo\u010d bb, 88 000 Mostar<\/p>\n<p><i class=\"fa fa-phone\"><\/i> +387 36 350 177<br \/><i class=\"fa fa-print\"><\/i> +387 36 350 171<\/p>\n<p><i class=\"fa fa-envelope\"><\/i> info@uino.gov.ba<\/p>\n<p>[\/et_pb_team_member][\/et_pb_column][et_pb_column type=&#8221;1_4&#8243; _builder_version=&#8221;4.16&#8243; _module_preset=&#8221;default&#8221; background_color=&#8221;#f1f5f7&#8243; custom_padding=&#8221;20px|15px|20px|15px|true|true&#8221; border_radii=&#8221;on|2px|2px|2px|2px&#8221; global_colors_info=&#8221;{}&#8221;][et_pb_team_member name=&#8221;Regionalni OFFICE Sarajevo&#8221; image_url=&#8221;https:\/\/www.uino.gov.ba\/portal\/wp-content\/uploads\/3-O-NAMA\/4-FOTO-ZGRADE-I-ORGANOGRAM\/4-SA.jpg&#8221; admin_label=&#8221;Regionalni cenar Sarajevo&#8221; _builder_version=&#8221;4.17.4&#8243; _dynamic_attributes=&#8221;link_option_url&#8221; _module_preset=&#8221;default&#8221; header_level=&#8221;h2&#8243; header_font=&#8221;|600||on|||||&#8221; header_text_align=&#8221;left&#8221; header_font_size=&#8221;18px&#8221; header_line_height=&#8221;1.1em&#8221; body_font_size=&#8221;15px&#8221; background_enable_color=&#8221;off&#8221; filter_brightness=&#8221;95%&#8221; link_option_url=&#8221;@ET-DC@eyJkeW5hbWljIjp0cnVlLCJjb250ZW50IjoicG9zdF9saW5rX3VybF9wb3N0Iiwic2V0dGluZ3MiOnsicG9zdF9pZCI6IjIzNDY4In19@&#8221; custom_css_member_image=&#8221;margin: -20px -15px 20px -15px&#8221; global_colors_info=&#8221;{}&#8221; background__hover_enabled=&#8221;on|hover&#8221; background_color__hover=&#8221;&#8221; background_enable_color__hover=&#8221;off&#8221;]<\/p>\n<p><i class=\"fa fa-university\"><\/i> Regionalni office Sarajevo<br \/><i class=\"fa fa-map-marker\"><\/i> Zmaja od Bosne 47b, 71 000 Sarajevo<\/p>\n<p><i class=\"fa fa-phone\"><\/i> +387 33 246 001<br \/><i class=\"fa fa-print\"><\/i> +387 33 246 017<\/p>\n<p><i class=\"fa fa-envelope\"><\/i> info@uino.gov.ba<\/p>\n<p>[\/et_pb_team_member][\/et_pb_column][et_pb_column type=&#8221;1_4&#8243; _builder_version=&#8221;4.16&#8243; _module_preset=&#8221;default&#8221; background_color=&#8221;#f1f5f7&#8243; custom_padding=&#8221;20px|15px|20px|15px|true|true&#8221; border_radii=&#8221;on|2px|2px|2px|2px&#8221; global_colors_info=&#8221;{}&#8221;][et_pb_team_member name=&#8221;Regionalni OFFICE Tuzla&#8221; image_url=&#8221;https:\/\/www.uino.gov.ba\/portal\/wp-content\/uploads\/3-O-NAMA\/4-FOTO-ZGRADE-I-ORGANOGRAM\/5-TZ.jpeg&#8221; admin_label=&#8221;Regionalni cenar Tuzla&#8221; _builder_version=&#8221;4.17.4&#8243; _dynamic_attributes=&#8221;link_option_url&#8221; _module_preset=&#8221;default&#8221; header_level=&#8221;h2&#8243; header_font=&#8221;|600||on|||||&#8221; header_text_align=&#8221;left&#8221; header_font_size=&#8221;18px&#8221; header_line_height=&#8221;1.1em&#8221; body_font_size=&#8221;15px&#8221; background_enable_color=&#8221;off&#8221; filter_brightness=&#8221;95%&#8221; link_option_url=&#8221;@ET-DC@eyJkeW5hbWljIjp0cnVlLCJjb250ZW50IjoicG9zdF9saW5rX3VybF9wb3N0Iiwic2V0dGluZ3MiOnsicG9zdF9pZCI6IjIzNDc1In19@&#8221; custom_css_member_image=&#8221;margin: -20px -15px 20px -15px&#8221; global_colors_info=&#8221;{}&#8221; background__hover_enabled=&#8221;on|hover&#8221; background_color__hover=&#8221;&#8221; background_enable_color__hover=&#8221;off&#8221;]<\/p>\n<p><i class=\"fa fa-university\"><\/i> Regionalni office Tuzla<br \/><i class=\"fa fa-map-marker\"><\/i> Mitra Trifunovi\u0107a U\u010de 161, 75 000 Tuzla<\/p>\n<p><i class=\"fa fa-phone\"><\/i> +387 35 368 046<br \/><i class=\"fa fa-print\"><\/i> +387 35 368 007<\/p>\n<p><i class=\"fa fa-envelope\"><\/i> info@uino.gov.ba<\/p>\n<p>[\/et_pb_team_member][\/et_pb_column][\/et_pb_row][\/et_pb_section]<\/p>\n","protected":false},"excerpt":{"rendered":"<p>Bana dr Todora Lazarevi\u0107a bb78000 Banja Luka Mladena Stojanovi\u0107a 778 000 Banja LukaRodo\u010d bb88 000 MostarZmaja od Bosne 47b71 000 SarajevoMitra Trifunovi\u0107a U\u010de 16175 000 TuzlaContact us Contact us via phone, email or in person in nearest office of ITA. &nbsp; Uprava za indirektno oporezivanje &#8211; Headquarter &#8211; Bana Lazarevi\u0107a bb, 78 000 Banja Luka [&hellip;]<\/p>\n","protected":false},"author":2,"featured_media":0,"parent":0,"menu_order":0,"comment_status":"closed","ping_status":"closed","template":"","meta":{"_acf_changed":false,"_et_pb_use_builder":"on","_et_pb_old_content":"","_et_gb_content_width":"","footnotes":""},"categories":[],"tags":[],"class_list":["post-1709","page","type-page","status-publish","hentry"],"acf":[],"yoast_head":"<!-- This site is optimized with the Yoast SEO plugin v27.5 - https:\/\/yoast.com\/product\/yoast-seo-wordpress\/ -->\n<title>Contact - Uprava za indirektno \/ neizravno oporezivanje BiH<\/title>\n<meta name=\"robots\" content=\"index, follow, max-snippet:-1, max-image-preview:large, max-video-preview:-1\" \/>\n<link rel=\"canonical\" href=\"https:\/\/www.uino.gov.ba\/portal\/en\/contact-en\/\" \/>\n<meta property=\"og:locale\" content=\"en_US\" \/>\n<meta property=\"og:type\" content=\"article\" \/>\n<meta property=\"og:title\" content=\"Contact - Uprava za indirektno \/ neizravno oporezivanje BiH\" \/>\n<meta property=\"og:description\" content=\"Bana dr Todora Lazarevi\u0107a bb78000 Banja Luka Mladena Stojanovi\u0107a 778 000 Banja LukaRodo\u010d bb88 000 MostarZmaja od Bosne 47b71 000 SarajevoMitra Trifunovi\u0107a U\u010de 16175 000 TuzlaContact us Contact us via phone, email or in person in nearest office of ITA. &nbsp; Uprava za indirektno oporezivanje - Headquarter - Bana Lazarevi\u0107a bb, 78 000 Banja Luka [&hellip;]\" \/>\n<meta property=\"og:url\" content=\"https:\/\/www.uino.gov.ba\/portal\/en\/contact-en\/\" \/>\n<meta property=\"og:site_name\" content=\"Uprava za indirektno \/ neizravno oporezivanje BiH\" \/>\n<meta property=\"article:modified_time\" content=\"2025-05-13T07:17:44+00:00\" \/>\n<meta name=\"twitter:card\" content=\"summary_large_image\" \/>\n<meta name=\"twitter:label1\" content=\"Est. reading time\" \/>\n\t<meta name=\"twitter:data1\" content=\"7 minutes\" \/>\n<script type=\"application\/ld+json\" class=\"yoast-schema-graph\">{\"@context\":\"https:\\\/\\\/schema.org\",\"@graph\":[{\"@type\":\"WebPage\",\"@id\":\"https:\\\/\\\/www.uino.gov.ba\\\/portal\\\/en\\\/contact-en\\\/\",\"url\":\"https:\\\/\\\/www.uino.gov.ba\\\/portal\\\/en\\\/contact-en\\\/\",\"name\":\"Contact - Uprava za indirektno \\\/ neizravno oporezivanje BiH\",\"isPartOf\":{\"@id\":\"https:\\\/\\\/www.uino.gov.ba\\\/portal\\\/#website\"},\"datePublished\":\"2021-06-01T16:03:39+00:00\",\"dateModified\":\"2025-05-13T07:17:44+00:00\",\"breadcrumb\":{\"@id\":\"https:\\\/\\\/www.uino.gov.ba\\\/portal\\\/en\\\/contact-en\\\/#breadcrumb\"},\"inLanguage\":\"en-US\",\"potentialAction\":[{\"@type\":\"ReadAction\",\"target\":[\"https:\\\/\\\/www.uino.gov.ba\\\/portal\\\/en\\\/contact-en\\\/\"]}]},{\"@type\":\"BreadcrumbList\",\"@id\":\"https:\\\/\\\/www.uino.gov.ba\\\/portal\\\/en\\\/contact-en\\\/#breadcrumb\",\"itemListElement\":[{\"@type\":\"ListItem\",\"position\":1,\"name\":\"\",\"item\":\"https:\\\/\\\/www.uino.gov.ba\\\/portal\\\/bs\\\/\"},{\"@type\":\"ListItem\",\"position\":2,\"name\":\"Contact\"}]},{\"@type\":\"WebSite\",\"@id\":\"https:\\\/\\\/www.uino.gov.ba\\\/portal\\\/#website\",\"url\":\"https:\\\/\\\/www.uino.gov.ba\\\/portal\\\/\",\"name\":\"Uprava za indirektno \\\/ neizravno oporezivanje BiH\",\"description\":\"\",\"potentialAction\":[{\"@type\":\"SearchAction\",\"target\":{\"@type\":\"EntryPoint\",\"urlTemplate\":\"https:\\\/\\\/www.uino.gov.ba\\\/portal\\\/?s={search_term_string}\"},\"query-input\":{\"@type\":\"PropertyValueSpecification\",\"valueRequired\":true,\"valueName\":\"search_term_string\"}}],\"inLanguage\":\"en-US\"}]}<\/script>\n<!-- \/ Yoast SEO plugin. -->","yoast_head_json":{"title":"Contact - Uprava za indirektno \/ neizravno oporezivanje BiH","robots":{"index":"index","follow":"follow","max-snippet":"max-snippet:-1","max-image-preview":"max-image-preview:large","max-video-preview":"max-video-preview:-1"},"canonical":"https:\/\/www.uino.gov.ba\/portal\/en\/contact-en\/","og_locale":"en_US","og_type":"article","og_title":"Contact - Uprava za indirektno \/ neizravno oporezivanje BiH","og_description":"Bana dr Todora Lazarevi\u0107a bb78000 Banja Luka Mladena Stojanovi\u0107a 778 000 Banja LukaRodo\u010d bb88 000 MostarZmaja od Bosne 47b71 000 SarajevoMitra Trifunovi\u0107a U\u010de 16175 000 TuzlaContact us Contact us via phone, email or in person in nearest office of ITA. &nbsp; Uprava za indirektno oporezivanje - Headquarter - Bana Lazarevi\u0107a bb, 78 000 Banja Luka [&hellip;]","og_url":"https:\/\/www.uino.gov.ba\/portal\/en\/contact-en\/","og_site_name":"Uprava za indirektno \/ neizravno oporezivanje BiH","article_modified_time":"2025-05-13T07:17:44+00:00","twitter_card":"summary_large_image","twitter_misc":{"Est. reading time":"7 minutes"},"schema":{"@context":"https:\/\/schema.org","@graph":[{"@type":"WebPage","@id":"https:\/\/www.uino.gov.ba\/portal\/en\/contact-en\/","url":"https:\/\/www.uino.gov.ba\/portal\/en\/contact-en\/","name":"Contact - Uprava za indirektno \/ neizravno oporezivanje BiH","isPartOf":{"@id":"https:\/\/www.uino.gov.ba\/portal\/#website"},"datePublished":"2021-06-01T16:03:39+00:00","dateModified":"2025-05-13T07:17:44+00:00","breadcrumb":{"@id":"https:\/\/www.uino.gov.ba\/portal\/en\/contact-en\/#breadcrumb"},"inLanguage":"en-US","potentialAction":[{"@type":"ReadAction","target":["https:\/\/www.uino.gov.ba\/portal\/en\/contact-en\/"]}]},{"@type":"BreadcrumbList","@id":"https:\/\/www.uino.gov.ba\/portal\/en\/contact-en\/#breadcrumb","itemListElement":[{"@type":"ListItem","position":1,"name":"","item":"https:\/\/www.uino.gov.ba\/portal\/bs\/"},{"@type":"ListItem","position":2,"name":"Contact"}]},{"@type":"WebSite","@id":"https:\/\/www.uino.gov.ba\/portal\/#website","url":"https:\/\/www.uino.gov.ba\/portal\/","name":"Uprava za indirektno \/ neizravno oporezivanje BiH","description":"","potentialAction":[{"@type":"SearchAction","target":{"@type":"EntryPoint","urlTemplate":"https:\/\/www.uino.gov.ba\/portal\/?s={search_term_string}"},"query-input":{"@type":"PropertyValueSpecification","valueRequired":true,"valueName":"search_term_string"}}],"inLanguage":"en-US"}]}},"publishpress_future_action":{"enabled":false,"date":"2026-05-18 19:44:14","action":"change-status","newStatus":"draft","terms":[],"taxonomy":"category","extraData":[]},"publishpress_future_workflow_manual_trigger":{"enabledWorkflows":[]},"_links":{"self":[{"href":"https:\/\/www.uino.gov.ba\/portal\/wp-json\/wp\/v2\/pages\/1709","targetHints":{"allow":["GET"]}}],"collection":[{"href":"https:\/\/www.uino.gov.ba\/portal\/wp-json\/wp\/v2\/pages"}],"about":[{"href":"https:\/\/www.uino.gov.ba\/portal\/wp-json\/wp\/v2\/types\/page"}],"author":[{"embeddable":true,"href":"https:\/\/www.uino.gov.ba\/portal\/wp-json\/wp\/v2\/users\/2"}],"replies":[{"embeddable":true,"href":"https:\/\/www.uino.gov.ba\/portal\/wp-json\/wp\/v2\/comments?post=1709"}],"version-history":[{"count":14,"href":"https:\/\/www.uino.gov.ba\/portal\/wp-json\/wp\/v2\/pages\/1709\/revisions"}],"predecessor-version":[{"id":49906,"href":"https:\/\/www.uino.gov.ba\/portal\/wp-json\/wp\/v2\/pages\/1709\/revisions\/49906"}],"wp:attachment":[{"href":"https:\/\/www.uino.gov.ba\/portal\/wp-json\/wp\/v2\/media?parent=1709"}],"wp:term":[{"taxonomy":"category","embeddable":true,"href":"https:\/\/www.uino.gov.ba\/portal\/wp-json\/wp\/v2\/categories?post=1709"},{"taxonomy":"post_tag","embeddable":true,"href":"https:\/\/www.uino.gov.ba\/portal\/wp-json\/wp\/v2\/tags?post=1709"}],"curies":[{"name":"wp","href":"https:\/\/api.w.org\/{rel}","templated":true}]}}