{"id":1491,"date":"2021-06-01T11:00:20","date_gmt":"2021-06-01T09:00:20","guid":{"rendered":"https:\/\/www.uino.gov.ba\/?page_id=1491"},"modified":"2022-04-20T09:49:36","modified_gmt":"2022-04-20T07:49:36","slug":"oglasna-ploca","status":"publish","type":"page","link":"https:\/\/www.uino.gov.ba\/portal\/bs\/oglasna-ploca\/","title":{"rendered":"Oglasna plo\u010da"},"content":{"rendered":"<p>[et_pb_section fb_built=&#8221;1&#8243; _builder_version=&#8221;3.22&#8243;][et_pb_row _builder_version=&#8221;3.25&#8243; background_size=&#8221;initial&#8221; background_position=&#8221;top_left&#8221; background_repeat=&#8221;repeat&#8221;][et_pb_column type=&#8221;4_4&#8243; _builder_version=&#8221;3.25&#8243; custom_padding=&#8221;|||&#8221; custom_padding__hover=&#8221;|||&#8221;][et_pb_post_title meta=&#8221;off&#8221; featured_image=&#8221;off&#8221; _builder_version=&#8221;4.9.10&#8243; _module_preset=&#8221;default&#8221; locked=&#8221;off&#8221;][\/et_pb_post_title][et_pb_text _builder_version=&#8221;4.9.10&#8243; background_size=&#8221;initial&#8221; background_position=&#8221;top_left&#8221; background_repeat=&#8221;repeat&#8221;]<\/p>\n<p style=\"text-align: justify;\">Na ovom mjestu mogu se prona\u0107i svi akti koje je Uprava za indirektno oporezivanje poku\u0161ala pismenim putem uru\u010diti i gdje dostava nije bila mogu\u0107a.<\/p>\n<p style=\"text-align: justify;\">U \u201eSlu\u017ebenom glasniku BiH\u201c broj 53\/16 od 22.07.2016. godine objavljen je Zakon o izmjenama i dopunama Zakona o upravnom postupku Bosne i Hercegovine (&#8220;Slu\u017ebeni glasnik BiH&#8221;, br. 29\/02, 12\/04, 88\/07, 93\/09 i 41\/13), gdje je zakonski definiran na\u010din uru\u010denja pismena, \u0161to je stupilo na snagu 31.07.2016. godine.<\/p>\n<p style=\"text-align: justify;\">\u010clanom 2. Zakona o izmjenama i dopunama Zakona o upravnom postupku Bosne i Hercegovine izmjenjen je \u010dlan 78. stav 2. i dodat novi stav 3. Zakona koji glase:<\/p>\n<p style=\"text-align: justify;\">&#8220;(2) Ako je prebivali\u0161te ili mjesto boravka osobe kojoj se ima izvr\u0161iti dostavljanje nepoznato ili ako dostavlja\u010d utvrdi da osoba kojoj se pismeno ima dostaviti ne stanuje na adresi na kojoj se dostava poku\u0161ava obaviti ili ako je utvr\u0111eno da osoba kojoj se ima obaviti dostava ne stanuje na adresi svoga posljednjeg poznatog boravi\u0161ta ili prebivali\u0161ta, a dostavlja\u010d ne mo\u017ee utvrditi njegovo sada\u0161nje boravi\u0161te ili radno mjesto, tijelo koje je izdalo pismeno javno \u0107e pozvati stranku da preuzme pismeno objavom poziva na svojoj oglasnoj plo\u010di i slu\u017ebenoj internetskoj stranici institucije, a kada se radi o pismenu koje se dostavlja u skladu s \u010dlanom 76. ovoga Zakona, poziv \u0107e biti objavljen na oglasnoj plo\u010di i slu\u017ebenoj internetskoj stranici institucije.&#8221;<\/p>\n<p style=\"text-align: justify;\">Iza stava (2) dodaje se novi stav (3), koji glasi:<\/p>\n<p style=\"text-align: justify;\">&#8220;(3) Dostava se smatra izvr\u0161enom\u00a0<strong>po isteku osam dana<\/strong> od dana objave pismena na oglasnoj plo\u010di i slu\u017ebenoj stranici institucije.&#8221;<\/p>\n<p>[\/et_pb_text][et_pb_code _builder_version=&#8221;4.9.10&#8243; _module_preset=&#8221;default&#8221;]<div class=\"oglasna-ploca\"><ul><li><a href=\"https:\/\/www.uino.gov.ba\/portal\/wp-content\/uploads\/OGLASNA-PLOCA\/Milos-automobili-doo-Poziv-za-usmenu-raspravu-745-748-26.pdf\" target=\"_blank\"><i class=\"fa fa-file-pdf\"><\/i> <span>Milo\u0161 automobili doo-Poziv za usmenu raspravu 745-748-26<\/span><\/a><\/li><li><a href=\"https:\/\/www.uino.gov.ba\/portal\/wp-content\/uploads\/OGLASNA-PLOCA\/Oglasna-ploca-RC-Tuzla-Pisana-izjava-broj-025-1IV-16-16-118-69-321-5.pdf\" target=\"_blank\"><i class=\"fa fa-file-pdf\"><\/i> <span>Oglasna plo\u010da RC Tuzla - (Pisana izjava broj 025-1IV-16-16-118-69-321-5)<\/span><\/a><\/li><li><a href=\"https:\/\/www.uino.gov.ba\/portal\/wp-content\/uploads\/OGLASNA-PLOCA\/Oglasna-ploca-Mostar-03.04.2026.pdf\" target=\"_blank\"><i class=\"fa fa-file-pdf\"><\/i> <span>Oglasna plo\u010da Mostar 03.04.2026.<\/span><\/a><\/li><li><a href=\"https:\/\/www.uino.gov.ba\/portal\/wp-content\/uploads\/OGLASNA-PLOCA\/Oglasna-ploca-RC-Tuzla-03.04.2026.pdf\" target=\"_blank\"><i class=\"fa fa-file-pdf\"><\/i> <span>Oglasna plo\u010da RC Tuzla 03.04.2026<\/span><\/a><\/li><li><a href=\"https:\/\/www.uino.gov.ba\/portal\/wp-content\/uploads\/OGLASNA-PLOCA\/Klicic-Semir-Cazin.pdf\" target=\"_blank\"><i class=\"fa fa-file-pdf\"><\/i> <span>Kli\u010di\u0107 Semir Cazin<\/span><\/a><\/li><li><a href=\"https:\/\/www.uino.gov.ba\/portal\/wp-content\/uploads\/OGLASNA-PLOCA\/Blues-Sped-Sarajevo.pdf\" target=\"_blank\"><i class=\"fa fa-file-pdf\"><\/i> <span>Blues \u0160ped Sarajevo<\/span><\/a><\/li><li><a href=\"https:\/\/www.uino.gov.ba\/portal\/wp-content\/uploads\/OGLASNA-PLOCA\/Oglasna-ploca-Tz-02.04.2026.pdf\" target=\"_blank\"><i class=\"fa fa-file-pdf\"><\/i> <span>Oglasna plo\u010da Tz-02.04.2026.<\/span><\/a><\/li><li><a href=\"https:\/\/www.uino.gov.ba\/portal\/wp-content\/uploads\/OGLASNA-PLOCA\/Poziv-na-usmenu-javnu-raspravu-LSM-COMERC-d.o.o-1227-26.pdf\" target=\"_blank\"><i class=\"fa fa-file-pdf\"><\/i> <span>Poziv na usmenu javnu raspravu LSM COMERC d.o.o 1227-26<\/span><\/a><\/li><li><a href=\"https:\/\/www.uino.gov.ba\/portal\/wp-content\/uploads\/OGLASNA-PLOCA\/Poziv-na-usmenu-javnu-raspravu-Ameli-Paldum-1233-26.pdf\" target=\"_blank\"><i class=\"fa fa-file-pdf\"><\/i> <span>Poziv na usmenu javnu raspravu Ameli Paldum 1233-26<\/span><\/a><\/li><li><a href=\"https:\/\/www.uino.gov.ba\/portal\/wp-content\/uploads\/OGLASNA-PLOCA\/poziv-za-Milos-automobili-doo-Gradiska-Up-4776-4779-255292-53005301-5313-25.pdf\" target=\"_blank\"><i class=\"fa fa-file-pdf\"><\/i> <span>poziv za Milo\u0161 automobili doo Gradi\u0161ka Up-4776-4779-25,5292-5300,5301-5313-25<\/span><\/a><\/li><li><a href=\"https:\/\/www.uino.gov.ba\/portal\/wp-content\/uploads\/OGLASNA-PLOCA\/RC-SARAJEVO-OGLASNA-PLOCA-31-03-2026.pdf\" target=\"_blank\"><i class=\"fa fa-file-pdf\"><\/i> <span>RC SARAJEVO OGLASNA PLOCA 31 03 2026<\/span><\/a><\/li><li><a href=\"https:\/\/www.uino.gov.ba\/portal\/wp-content\/uploads\/OGLASNA-PLOCA\/SEAD-TUNJIC-TUZLA-rjesenje-2761-IZ-2025.pdf\" target=\"_blank\"><i class=\"fa fa-file-pdf\"><\/i> <span>SEAD TUNJI\u0106 TUZLA rje\u0161enje 2761 IZ 2025<\/span><\/a><\/li><li><a href=\"https:\/\/www.uino.gov.ba\/portal\/wp-content\/uploads\/OGLASNA-PLOCA\/Rjesenje-Dulix-Sped-d.o.o.-4327-25.pdf\" target=\"_blank\"><i class=\"fa fa-file-pdf\"><\/i> <span>Rje\u0161enje Dulix \u0160ped d.o.o. 4327-25<\/span><\/a><\/li><li><a href=\"https:\/\/www.uino.gov.ba\/portal\/wp-content\/uploads\/OGLASNA-PLOCA\/DORDE-STEVANDIC-Brcko-rjesnje-2588-iz-2025.pdf\" target=\"_blank\"><i class=\"fa fa-file-pdf\"><\/i> <span>\u0110OR\u0110E STEVANDI\u0106 Br\u010dko, rje\u0161nje 2588 iz 2025<\/span><\/a><\/li><li><a href=\"https:\/\/www.uino.gov.ba\/portal\/wp-content\/uploads\/OGLASNA-PLOCA\/Oglasna-ploca-Mostar-2-31.03.2026.pdf\" target=\"_blank\"><i class=\"fa fa-file-pdf\"><\/i> <span>Oglasna plo\u010da Mostar 2 - 31.03.2026.<\/span><\/a><\/li><li><a href=\"https:\/\/www.uino.gov.ba\/portal\/wp-content\/uploads\/OGLASNA-PLOCA\/Oglasna-ploca-Mostar-31.03.2026.pdf\" target=\"_blank\"><i class=\"fa fa-file-pdf\"><\/i> <span>Oglasna plo\u010da Mostar 31.03.2026.<\/span><\/a><\/li><li><a href=\"https:\/\/www.uino.gov.ba\/portal\/wp-content\/uploads\/OGLASNA-PLOCA\/ADAS-COMPANY-d.o.o.-Prijedor-Poziv-za-preuzimanje-rjesenja-1.pdf\" target=\"_blank\"><i class=\"fa fa-file-pdf\"><\/i> <span>ADAS COMPANY d.o.o. Prijedor-Poziv za preuzimanje rje\u0161enja-1<\/span><\/a><\/li><li><a href=\"https:\/\/www.uino.gov.ba\/portal\/wp-content\/uploads\/OGLASNA-PLOCA\/LOGOS-LAMBDA.pdf\" target=\"_blank\"><i class=\"fa fa-file-pdf\"><\/i> <span>LOGOS-LAMBDA<\/span><\/a><\/li><li><a href=\"https:\/\/www.uino.gov.ba\/portal\/wp-content\/uploads\/OGLASNA-PLOCA\/Obavijest-o-preuzimanju-rjesenja-Hromis-Vedran.pdf\" target=\"_blank\"><i class=\"fa fa-file-pdf\"><\/i> <span>Obavijest o preuzimanju rje\u0161enja Hromi\u0161 Vedran<\/span><\/a><\/li><li><a href=\"https:\/\/www.uino.gov.ba\/portal\/wp-content\/uploads\/OGLASNA-PLOCA\/Oglasna-ploca-RC-Tuzla-Aleksandra-Mitrovic-1.pdf\" target=\"_blank\"><i class=\"fa fa-file-pdf\"><\/i> <span>Oglasna plo\u010da RC Tuzla- Aleksandra Mitrovi\u0107<\/span><\/a><\/li><li><a href=\"https:\/\/www.uino.gov.ba\/portal\/wp-content\/uploads\/OGLASNA-PLOCA\/RC-TUZLA-Oglasna-ploca-27.03.2026.-godine.pdf\" target=\"_blank\"><i class=\"fa fa-file-pdf\"><\/i> <span>RC TUZLA - Oglasna plo\u010da 27.03.2026. godine<\/span><\/a><\/li><li><a href=\"https:\/\/www.uino.gov.ba\/portal\/wp-content\/uploads\/OGLASNA-PLOCA\/Oglasna-ploca-Mostar-26.03.2026.pdf\" target=\"_blank\"><i class=\"fa fa-file-pdf\"><\/i> <span>Oglasna plo\u010da Mostar 26.03.2026.<\/span><\/a><\/li><li><a href=\"https:\/\/www.uino.gov.ba\/portal\/wp-content\/uploads\/OGLASNA-PLOCA\/Oglasna-ploca-RC-Tuzla-Aleksandra-Mitrovic.pdf\" target=\"_blank\"><i class=\"fa fa-file-pdf\"><\/i> <span>Oglasna plo\u010da RC Tuzla- Aleksandra Mitrovi\u0107<\/span><\/a><\/li><\/ul><\/div>[\/et_pb_code][\/et_pb_column][\/et_pb_row][\/et_pb_section]<\/p>\n","protected":false},"excerpt":{"rendered":"<p>Na ovom mjestu mogu se prona\u0107i svi akti koje je Uprava za indirektno oporezivanje poku\u0161ala pismenim putem uru\u010diti i gdje dostava nije bila mogu\u0107a. U \u201eSlu\u017ebenom glasniku BiH\u201c broj 53\/16 od 22.07.2016. godine objavljen je Zakon o izmjenama i dopunama Zakona o upravnom postupku Bosne i Hercegovine (&#8220;Slu\u017ebeni glasnik BiH&#8221;, br. 29\/02, 12\/04, 88\/07, 93\/09 [&hellip;]<\/p>\n","protected":false},"author":2,"featured_media":0,"parent":0,"menu_order":0,"comment_status":"closed","ping_status":"closed","template":"","meta":{"_acf_changed":false,"_et_pb_use_builder":"on","_et_pb_old_content":"<p>[oglasna_ploca]<\/p>","_et_gb_content_width":"","footnotes":""},"categories":[],"tags":[],"class_list":["post-1491","page","type-page","status-publish","hentry"],"acf":[],"yoast_head":"<!-- This site is optimized with the Yoast SEO plugin v27.3 - https:\/\/yoast.com\/product\/yoast-seo-wordpress\/ -->\n<title>Oglasna plo\u010da - Uprava za indirektno \/ neizravno oporezivanje BiH<\/title>\n<meta name=\"robots\" content=\"index, follow, max-snippet:-1, max-image-preview:large, max-video-preview:-1\" \/>\n<link rel=\"canonical\" href=\"https:\/\/www.uino.gov.ba\/portal\/bs\/oglasna-ploca\/\" \/>\n<meta property=\"og:locale\" content=\"en_US\" \/>\n<meta property=\"og:type\" content=\"article\" \/>\n<meta property=\"og:title\" content=\"Oglasna plo\u010da - Uprava za indirektno \/ neizravno oporezivanje BiH\" \/>\n<meta property=\"og:description\" content=\"Na ovom mjestu mogu se prona\u0107i svi akti koje je Uprava za indirektno oporezivanje poku\u0161ala pismenim putem uru\u010diti i gdje dostava nije bila mogu\u0107a. U \u201eSlu\u017ebenom glasniku BiH\u201c broj 53\/16 od 22.07.2016. godine objavljen je Zakon o izmjenama i dopunama Zakona o upravnom postupku Bosne i Hercegovine (&quot;Slu\u017ebeni glasnik BiH&quot;, br. 29\/02, 12\/04, 88\/07, 93\/09 [&hellip;]\" \/>\n<meta property=\"og:url\" content=\"https:\/\/www.uino.gov.ba\/portal\/bs\/oglasna-ploca\/\" \/>\n<meta property=\"og:site_name\" content=\"Uprava za indirektno \/ neizravno oporezivanje BiH\" \/>\n<meta property=\"article:modified_time\" content=\"2022-04-20T07:49:36+00:00\" \/>\n<meta name=\"twitter:card\" content=\"summary_large_image\" \/>\n<meta name=\"twitter:label1\" content=\"Est. reading time\" \/>\n\t<meta name=\"twitter:data1\" content=\"1 minute\" \/>\n<script type=\"application\/ld+json\" class=\"yoast-schema-graph\">{\"@context\":\"https:\\\/\\\/schema.org\",\"@graph\":[{\"@type\":\"WebPage\",\"@id\":\"https:\\\/\\\/www.uino.gov.ba\\\/portal\\\/bs\\\/oglasna-ploca\\\/\",\"url\":\"https:\\\/\\\/www.uino.gov.ba\\\/portal\\\/bs\\\/oglasna-ploca\\\/\",\"name\":\"Oglasna plo\u010da - Uprava za indirektno \\\/ neizravno oporezivanje BiH\",\"isPartOf\":{\"@id\":\"https:\\\/\\\/www.uino.gov.ba\\\/portal\\\/#website\"},\"datePublished\":\"2021-06-01T09:00:20+00:00\",\"dateModified\":\"2022-04-20T07:49:36+00:00\",\"breadcrumb\":{\"@id\":\"https:\\\/\\\/www.uino.gov.ba\\\/portal\\\/bs\\\/oglasna-ploca\\\/#breadcrumb\"},\"inLanguage\":\"en-US\",\"potentialAction\":[{\"@type\":\"ReadAction\",\"target\":[\"https:\\\/\\\/www.uino.gov.ba\\\/portal\\\/bs\\\/oglasna-ploca\\\/\"]}]},{\"@type\":\"BreadcrumbList\",\"@id\":\"https:\\\/\\\/www.uino.gov.ba\\\/portal\\\/bs\\\/oglasna-ploca\\\/#breadcrumb\",\"itemListElement\":[{\"@type\":\"ListItem\",\"position\":1,\"name\":\"\",\"item\":\"https:\\\/\\\/www.uino.gov.ba\\\/portal\\\/bs\\\/\"},{\"@type\":\"ListItem\",\"position\":2,\"name\":\"Oglasna plo\u010da\"}]},{\"@type\":\"WebSite\",\"@id\":\"https:\\\/\\\/www.uino.gov.ba\\\/portal\\\/#website\",\"url\":\"https:\\\/\\\/www.uino.gov.ba\\\/portal\\\/\",\"name\":\"Uprava za indirektno \\\/ neizravno oporezivanje BiH\",\"description\":\"\",\"potentialAction\":[{\"@type\":\"SearchAction\",\"target\":{\"@type\":\"EntryPoint\",\"urlTemplate\":\"https:\\\/\\\/www.uino.gov.ba\\\/portal\\\/?s={search_term_string}\"},\"query-input\":{\"@type\":\"PropertyValueSpecification\",\"valueRequired\":true,\"valueName\":\"search_term_string\"}}],\"inLanguage\":\"en-US\"}]}<\/script>\n<!-- \/ Yoast SEO plugin. -->","yoast_head_json":{"title":"Oglasna plo\u010da - Uprava za indirektno \/ neizravno oporezivanje BiH","robots":{"index":"index","follow":"follow","max-snippet":"max-snippet:-1","max-image-preview":"max-image-preview:large","max-video-preview":"max-video-preview:-1"},"canonical":"https:\/\/www.uino.gov.ba\/portal\/bs\/oglasna-ploca\/","og_locale":"en_US","og_type":"article","og_title":"Oglasna plo\u010da - Uprava za indirektno \/ neizravno oporezivanje BiH","og_description":"Na ovom mjestu mogu se prona\u0107i svi akti koje je Uprava za indirektno oporezivanje poku\u0161ala pismenim putem uru\u010diti i gdje dostava nije bila mogu\u0107a. U \u201eSlu\u017ebenom glasniku BiH\u201c broj 53\/16 od 22.07.2016. godine objavljen je Zakon o izmjenama i dopunama Zakona o upravnom postupku Bosne i Hercegovine (\"Slu\u017ebeni glasnik BiH\", br. 29\/02, 12\/04, 88\/07, 93\/09 [&hellip;]","og_url":"https:\/\/www.uino.gov.ba\/portal\/bs\/oglasna-ploca\/","og_site_name":"Uprava za indirektno \/ neizravno oporezivanje BiH","article_modified_time":"2022-04-20T07:49:36+00:00","twitter_card":"summary_large_image","twitter_misc":{"Est. reading time":"1 minute"},"schema":{"@context":"https:\/\/schema.org","@graph":[{"@type":"WebPage","@id":"https:\/\/www.uino.gov.ba\/portal\/bs\/oglasna-ploca\/","url":"https:\/\/www.uino.gov.ba\/portal\/bs\/oglasna-ploca\/","name":"Oglasna plo\u010da - Uprava za indirektno \/ neizravno oporezivanje BiH","isPartOf":{"@id":"https:\/\/www.uino.gov.ba\/portal\/#website"},"datePublished":"2021-06-01T09:00:20+00:00","dateModified":"2022-04-20T07:49:36+00:00","breadcrumb":{"@id":"https:\/\/www.uino.gov.ba\/portal\/bs\/oglasna-ploca\/#breadcrumb"},"inLanguage":"en-US","potentialAction":[{"@type":"ReadAction","target":["https:\/\/www.uino.gov.ba\/portal\/bs\/oglasna-ploca\/"]}]},{"@type":"BreadcrumbList","@id":"https:\/\/www.uino.gov.ba\/portal\/bs\/oglasna-ploca\/#breadcrumb","itemListElement":[{"@type":"ListItem","position":1,"name":"","item":"https:\/\/www.uino.gov.ba\/portal\/bs\/"},{"@type":"ListItem","position":2,"name":"Oglasna plo\u010da"}]},{"@type":"WebSite","@id":"https:\/\/www.uino.gov.ba\/portal\/#website","url":"https:\/\/www.uino.gov.ba\/portal\/","name":"Uprava za indirektno \/ neizravno oporezivanje BiH","description":"","potentialAction":[{"@type":"SearchAction","target":{"@type":"EntryPoint","urlTemplate":"https:\/\/www.uino.gov.ba\/portal\/?s={search_term_string}"},"query-input":{"@type":"PropertyValueSpecification","valueRequired":true,"valueName":"search_term_string"}}],"inLanguage":"en-US"}]}},"publishpress_future_action":{"enabled":false,"date":"2026-04-14 13:08:07","action":"change-status","newStatus":"draft","terms":[],"taxonomy":"category","extraData":[]},"publishpress_future_workflow_manual_trigger":{"enabledWorkflows":[]},"_links":{"self":[{"href":"https:\/\/www.uino.gov.ba\/portal\/wp-json\/wp\/v2\/pages\/1491","targetHints":{"allow":["GET"]}}],"collection":[{"href":"https:\/\/www.uino.gov.ba\/portal\/wp-json\/wp\/v2\/pages"}],"about":[{"href":"https:\/\/www.uino.gov.ba\/portal\/wp-json\/wp\/v2\/types\/page"}],"author":[{"embeddable":true,"href":"https:\/\/www.uino.gov.ba\/portal\/wp-json\/wp\/v2\/users\/2"}],"replies":[{"embeddable":true,"href":"https:\/\/www.uino.gov.ba\/portal\/wp-json\/wp\/v2\/comments?post=1491"}],"version-history":[{"count":11,"href":"https:\/\/www.uino.gov.ba\/portal\/wp-json\/wp\/v2\/pages\/1491\/revisions"}],"predecessor-version":[{"id":24823,"href":"https:\/\/www.uino.gov.ba\/portal\/wp-json\/wp\/v2\/pages\/1491\/revisions\/24823"}],"wp:attachment":[{"href":"https:\/\/www.uino.gov.ba\/portal\/wp-json\/wp\/v2\/media?parent=1491"}],"wp:term":[{"taxonomy":"category","embeddable":true,"href":"https:\/\/www.uino.gov.ba\/portal\/wp-json\/wp\/v2\/categories?post=1491"},{"taxonomy":"post_tag","embeddable":true,"href":"https:\/\/www.uino.gov.ba\/portal\/wp-json\/wp\/v2\/tags?post=1491"}],"curies":[{"name":"wp","href":"https:\/\/api.w.org\/{rel}","templated":true}]}}